{"id":45,"date":"2025-02-11T20:56:13","date_gmt":"2025-02-11T23:56:13","guid":{"rendered":"https:\/\/web.gsasites.com.br\/4plan\/?page_id=45"},"modified":"2025-03-21T16:44:53","modified_gmt":"2025-03-21T19:44:53","slug":"quem-somos","status":"publish","type":"page","link":"https:\/\/web.gsasites.com.br\/4plan\/quem-somos\/","title":{"rendered":"Quem Somos"},"content":{"rendered":"\t\t<div data-elementor-type=\"wp-page\" data-elementor-id=\"45\" class=\"elementor elementor-45\" data-elementor-post-type=\"page\">\n\t\t\t\t<div class=\"elementor-element elementor-element-c67b800 e-flex e-con-boxed e-con e-parent\" data-id=\"c67b800\" data-element_type=\"container\" data-settings=\"{&quot;background_background&quot;:&quot;classic&quot;}\">\n\t\t\t\t\t<div class=\"e-con-inner\">\n\t\t<div class=\"elementor-element elementor-element-1eb3068 e-con-full e-flex e-con e-child\" data-id=\"1eb3068\" data-element_type=\"container\">\n\t\t\t\t<div class=\"elementor-element elementor-element-dad86a9 elementor-widget__width-initial elementor-widget-divider--view-line elementor-widget elementor-widget-divider\" data-id=\"dad86a9\" data-element_type=\"widget\" data-widget_type=\"divider.default\">\n\t\t\t\t<div class=\"elementor-widget-container\">\n\t\t\t\t\t\t\t<div class=\"elementor-divider\">\n\t\t\t<span class=\"elementor-divider-separator\">\n\t\t\t\t\t\t<\/span>\n\t\t<\/div>\n\t\t\t\t\t\t<\/div>\n\t\t\t\t<\/div>\n\t\t\t\t<div class=\"elementor-element elementor-element-10ca059 elementor-widget elementor-widget-heading\" data-id=\"10ca059\" data-element_type=\"widget\" data-widget_type=\"heading.default\">\n\t\t\t\t<div class=\"elementor-widget-container\">\n\t\t\t\t\t<h2 class=\"elementor-heading-title elementor-size-default\">Quem Somos\n<\/h2>\t\t\t\t<\/div>\n\t\t\t\t<\/div>\n\t\t\t\t<div class=\"elementor-element elementor-element-4c1873f elementor-widget elementor-widget-text-editor\" data-id=\"4c1873f\" data-element_type=\"widget\" data-widget_type=\"text-editor.default\">\n\t\t\t\t<div class=\"elementor-widget-container\">\n\t\t\t\t\t\t\t\t\t<p><span style=\"font-weight: 400;\">A Four Plan Engenharia se lan\u00e7ou ao mercado com o objetivo de atender \u00e0 demanda por empresas qualificadas em Projetos Complementares de Engenharia, que al\u00e9m da qualidade, apresentem tamb\u00e9m competitividade em rela\u00e7\u00e3o aos <\/span><b>custos <\/b><span style=\"font-weight: 400;\">e <\/span><b>prazos <\/b><span style=\"font-weight: 400;\">dos projetos.\u00a0<\/span><\/p><p><span style=\"font-weight: 400;\">Hoje oferecemos como principal diferencial a possibilidade de <\/span><b>entregar todos os projetos complementares compatibilizados em at\u00e9 uma semana ap\u00f3s a contrata\u00e7\u00e3o<\/b><span style=\"font-weight: 400;\">, com total garantia da qualidade do servi\u00e7o e total cumprimento das determina\u00e7\u00f5es previstas pelas normas regulamentadoras de cada disciplina desenvolvida. Evidentemente, cada projeto possui suas peculiaridades e \u00e9 estudado cuidadosamente previamente antes de firmarmos compromissos de prazos. N\u00f3s tamb\u00e9m podemos intermediar toda a tramita\u00e7\u00e3o para aprova\u00e7\u00e3o dos projetos junto \u00e0sc omiss\u00f5es de an\u00e1lises, quando o empreendimento est\u00e1 localizado em shoppings.\u00a0<\/span><\/p><p><span style=\"font-weight: 400;\">Temos conseguido uma alta taxa de aprova\u00e7\u00e3o dos projetos j\u00e1 na primeira an\u00e1lise, encurtando, portanto, o cronograma de execu\u00e7\u00e3o da obra! Nossos colaboradores s\u00e3o especialistas em suas \u00e1reas de atua\u00e7\u00e3o, com pleno conhecimento das normas t\u00e9cnicas aplic\u00e1veis e manuais dos principais shoppings do pa\u00eds! Nossa Miss\u00e3o<\/span><\/p>\t\t\t\t\t\t\t\t<\/div>\n\t\t\t\t<\/div>\n\t\t\t\t<\/div>\n\t\t<div class=\"elementor-element elementor-element-aa809a8 e-con-full e-flex e-con e-child\" data-id=\"aa809a8\" data-element_type=\"container\">\n\t\t\t\t<div class=\"elementor-element elementor-element-a837bc9 elementor-widget elementor-widget-image\" data-id=\"a837bc9\" data-element_type=\"widget\" data-widget_type=\"image.default\">\n\t\t\t\t<div class=\"elementor-widget-container\">\n\t\t\t\t\t\t\t\t\t\t\t\t\t\t\t<img fetchpriority=\"high\" decoding=\"async\" width=\"1920\" height=\"1280\" src=\"https:\/\/web.gsasites.com.br\/4plan\/wp-content\/uploads\/2025\/02\/adolfo-felix-PG8NyM_Mcts-unsplash.jpg\" class=\"attachment-full size-full wp-image-153\" alt=\"\" srcset=\"https:\/\/web.gsasites.com.br\/4plan\/wp-content\/uploads\/2025\/02\/adolfo-felix-PG8NyM_Mcts-unsplash.jpg 1920w, https:\/\/web.gsasites.com.br\/4plan\/wp-content\/uploads\/2025\/02\/adolfo-felix-PG8NyM_Mcts-unsplash-300x200.jpg 300w, https:\/\/web.gsasites.com.br\/4plan\/wp-content\/uploads\/2025\/02\/adolfo-felix-PG8NyM_Mcts-unsplash-1024x683.jpg 1024w, https:\/\/web.gsasites.com.br\/4plan\/wp-content\/uploads\/2025\/02\/adolfo-felix-PG8NyM_Mcts-unsplash-768x512.jpg 768w, https:\/\/web.gsasites.com.br\/4plan\/wp-content\/uploads\/2025\/02\/adolfo-felix-PG8NyM_Mcts-unsplash-1536x1024.jpg 1536w\" sizes=\"(max-width: 1920px) 100vw, 1920px\" \/>\t\t\t\t\t\t\t\t\t\t\t\t\t\t\t<\/div>\n\t\t\t\t<\/div>\n\t\t<div class=\"elementor-element elementor-element-199ddc3 e-con-full e-flex e-con e-child\" data-id=\"199ddc3\" data-element_type=\"container\" data-settings=\"{&quot;background_background&quot;:&quot;classic&quot;}\">\n\t\t\t\t<div class=\"elementor-element elementor-element-a457771 elementor-widget elementor-widget-heading\" data-id=\"a457771\" data-element_type=\"widget\" data-widget_type=\"heading.default\">\n\t\t\t\t<div class=\"elementor-widget-container\">\n\t\t\t\t\t<p class=\"elementor-heading-title elementor-size-default\">APROVA\u00c7\u00c3O DE PROJETOS<\/p>\t\t\t\t<\/div>\n\t\t\t\t<\/div>\n\t\t\t\t<div class=\"elementor-element elementor-element-83b0c26 elementor-widget elementor-widget-counter\" data-id=\"83b0c26\" data-element_type=\"widget\" data-widget_type=\"counter.default\">\n\t\t\t\t<div class=\"elementor-widget-container\">\n\t\t\t\t\t\t\t<div class=\"elementor-counter\">\n\t\t\t\t\t\t<div class=\"elementor-counter-number-wrapper\">\n\t\t\t\t<span class=\"elementor-counter-number-prefix\"><\/span>\n\t\t\t\t<span class=\"elementor-counter-number\" data-duration=\"2000\" data-to-value=\"92\" data-from-value=\"0\" data-delimiter=\",\">0<\/span>\n\t\t\t\t<span class=\"elementor-counter-number-suffix\">%<\/span>\n\t\t\t<\/div>\n\t\t<\/div>\n\t\t\t\t\t\t<\/div>\n\t\t\t\t<\/div>\n\t\t\t\t<div class=\"elementor-element elementor-element-2f26b15 elementor-widget elementor-widget-text-editor\" data-id=\"2f26b15\" data-element_type=\"widget\" data-widget_type=\"text-editor.default\">\n\t\t\t\t<div class=\"elementor-widget-container\">\n\t\t\t\t\t\t\t\t\t<p>Aprovados em at\u00e9 duas apresenta\u00e7\u00f5es aos shoppings<\/p>\t\t\t\t\t\t\t\t<\/div>\n\t\t\t\t<\/div>\n\t\t\t\t<\/div>\n\t\t\t\t<\/div>\n\t\t\t\t\t<\/div>\n\t\t\t\t<\/div>\n\t\t<div class=\"elementor-element elementor-element-e4380b2 e-flex e-con-boxed e-con e-parent\" data-id=\"e4380b2\" data-element_type=\"container\" data-settings=\"{&quot;background_background&quot;:&quot;classic&quot;}\">\n\t\t\t\t\t<div class=\"e-con-inner\">\n\t\t<div class=\"elementor-element elementor-element-f7a3360 e-con-full e-flex e-con e-child\" data-id=\"f7a3360\" data-element_type=\"container\">\n\t\t\t\t<div class=\"elementor-element elementor-element-b60850a elementor-widget elementor-widget-heading\" data-id=\"b60850a\" data-element_type=\"widget\" data-widget_type=\"heading.default\">\n\t\t\t\t<div class=\"elementor-widget-container\">\n\t\t\t\t\t<h2 class=\"elementor-heading-title elementor-size-default\">Valores, Miss\u00e3o e Vis\u00e3o<\/h2>\t\t\t\t<\/div>\n\t\t\t\t<\/div>\n\t\t\t\t<div class=\"elementor-element elementor-element-38b46d9 elementor-widget__width-initial elementor-widget-mobile__width-inherit elementor-invisible elementor-widget elementor-widget-text-editor\" data-id=\"38b46d9\" data-element_type=\"widget\" data-settings=\"{&quot;_animation&quot;:&quot;fadeInUp&quot;}\" data-widget_type=\"text-editor.default\">\n\t\t\t\t<div class=\"elementor-widget-container\">\n\t\t\t\t\t\t\t\t\t<p><span style=\"font-weight: 400;\">Nossa miss\u00e3o \u00e9 transformar ideias em realidade, proporcionando produtos e servi\u00e7os que agreguem valor e superem as expectativas dos nossos clientes. Acreditamos que a inova\u00e7\u00e3o cont\u00ednua e o atendimento excepcional s\u00e3o fundamentais para alcan\u00e7ar o sucesso duradouro.<\/span><\/p>\t\t\t\t\t\t\t\t<\/div>\n\t\t\t\t<\/div>\n\t\t\t\t<\/div>\n\t\t<div class=\"elementor-element elementor-element-07389de e-con-full e-flex e-con e-child\" data-id=\"07389de\" data-element_type=\"container\">\n\t\t<div class=\"elementor-element elementor-element-b91e1ae e-con-full e-flex e-con e-child\" data-id=\"b91e1ae\" data-element_type=\"container\">\n\t\t\t\t<div class=\"elementor-element elementor-element-d1a21a2 elementor-widget elementor-widget-heading\" data-id=\"d1a21a2\" data-element_type=\"widget\" data-widget_type=\"heading.default\">\n\t\t\t\t<div class=\"elementor-widget-container\">\n\t\t\t\t\t<h2 class=\"elementor-heading-title elementor-size-default\">01<\/h2>\t\t\t\t<\/div>\n\t\t\t\t<\/div>\n\t\t\t\t<\/div>\n\t\t<div class=\"elementor-element elementor-element-a2af539 e-con-full e-flex e-con e-child\" data-id=\"a2af539\" data-element_type=\"container\">\n\t\t\t\t<div class=\"elementor-element elementor-element-48f43c7 elementor-widget elementor-widget-heading\" data-id=\"48f43c7\" data-element_type=\"widget\" data-widget_type=\"heading.default\">\n\t\t\t\t<div class=\"elementor-widget-container\">\n\t\t\t\t\t<h4 class=\"elementor-heading-title elementor-size-default\">Miss\u00e3o<\/h4>\t\t\t\t<\/div>\n\t\t\t\t<\/div>\n\t\t\t\t<div class=\"elementor-element elementor-element-6715411 elementor-widget elementor-widget-text-editor\" data-id=\"6715411\" data-element_type=\"widget\" data-widget_type=\"text-editor.default\">\n\t\t\t\t<div class=\"elementor-widget-container\">\n\t\t\t\t\t\t\t\t\t<p><span style=\"font-weight: 400;\">Superar os desafios propostos pelos nossos clientes, e sermos reconhecidos pela <\/span><b>atendimento, qualidade e capacidade t\u00e9cnica <\/b><span style=\"font-weight: 400;\">no fornecimento de solu\u00e7\u00f5es em engenharia, atrav\u00e9s da capacita\u00e7\u00e3o e reconhecimento constante dos nossos colaboradores.<\/span><\/p>\t\t\t\t\t\t\t\t<\/div>\n\t\t\t\t<\/div>\n\t\t\t\t<\/div>\n\t\t\t\t<\/div>\n\t\t<div class=\"elementor-element elementor-element-11ed040 e-con-full e-flex e-con e-child\" data-id=\"11ed040\" data-element_type=\"container\">\n\t\t<div class=\"elementor-element elementor-element-b744c63 e-con-full e-flex e-con e-child\" data-id=\"b744c63\" data-element_type=\"container\">\n\t\t\t\t<div class=\"elementor-element elementor-element-410571c elementor-widget elementor-widget-heading\" data-id=\"410571c\" data-element_type=\"widget\" data-widget_type=\"heading.default\">\n\t\t\t\t<div class=\"elementor-widget-container\">\n\t\t\t\t\t<h2 class=\"elementor-heading-title elementor-size-default\">02<\/h2>\t\t\t\t<\/div>\n\t\t\t\t<\/div>\n\t\t\t\t<\/div>\n\t\t<div class=\"elementor-element elementor-element-178c3dc e-con-full e-flex e-con e-child\" data-id=\"178c3dc\" data-element_type=\"container\">\n\t\t\t\t<div class=\"elementor-element elementor-element-5f1e221 elementor-widget elementor-widget-heading\" data-id=\"5f1e221\" data-element_type=\"widget\" data-widget_type=\"heading.default\">\n\t\t\t\t<div class=\"elementor-widget-container\">\n\t\t\t\t\t<h4 class=\"elementor-heading-title elementor-size-default\">Vis\u00e3o<\/h4>\t\t\t\t<\/div>\n\t\t\t\t<\/div>\n\t\t\t\t<div class=\"elementor-element elementor-element-4f41a80 elementor-widget elementor-widget-text-editor\" data-id=\"4f41a80\" data-element_type=\"widget\" data-widget_type=\"text-editor.default\">\n\t\t\t\t<div class=\"elementor-widget-container\">\n\t\t\t\t\t\t\t\t\t<p><span style=\"font-weight: 400;\">Integridade, \u00e9tica, compromisso, inova\u00e7\u00e3o, respeito \u00e0 diversidade de ideias, lealdade, supera\u00e7\u00e3o de desafios e responsabilidade socioambiental.<\/span><\/p>\t\t\t\t\t\t\t\t<\/div>\n\t\t\t\t<\/div>\n\t\t\t\t<\/div>\n\t\t\t\t<\/div>\n\t\t<div class=\"elementor-element elementor-element-becd161 e-con-full e-flex e-con e-child\" data-id=\"becd161\" data-element_type=\"container\">\n\t\t<div class=\"elementor-element elementor-element-748ff26 e-con-full e-flex e-con e-child\" data-id=\"748ff26\" data-element_type=\"container\">\n\t\t\t\t<div class=\"elementor-element elementor-element-6c26cf4 elementor-widget elementor-widget-heading\" data-id=\"6c26cf4\" data-element_type=\"widget\" data-widget_type=\"heading.default\">\n\t\t\t\t<div class=\"elementor-widget-container\">\n\t\t\t\t\t<h2 class=\"elementor-heading-title elementor-size-default\">03<\/h2>\t\t\t\t<\/div>\n\t\t\t\t<\/div>\n\t\t\t\t<\/div>\n\t\t<div class=\"elementor-element elementor-element-d097d19 e-con-full e-flex e-con e-child\" data-id=\"d097d19\" data-element_type=\"container\">\n\t\t\t\t<div class=\"elementor-element elementor-element-87b2b87 elementor-widget elementor-widget-heading\" data-id=\"87b2b87\" data-element_type=\"widget\" data-widget_type=\"heading.default\">\n\t\t\t\t<div class=\"elementor-widget-container\">\n\t\t\t\t\t<h4 class=\"elementor-heading-title elementor-size-default\">Valores<\/h4>\t\t\t\t<\/div>\n\t\t\t\t<\/div>\n\t\t\t\t<div class=\"elementor-element elementor-element-40aa582 elementor-widget elementor-widget-text-editor\" data-id=\"40aa582\" data-element_type=\"widget\" data-widget_type=\"text-editor.default\">\n\t\t\t\t<div class=\"elementor-widget-container\">\n\t\t\t\t\t\t\t\t\t<p><span style=\"font-weight: 400;\">Sem nenhuma exce\u00e7\u00e3o, todos as nossas ferramentas s\u00e3o genu\u00ednas. Do sistema operacional nas posi\u00e7\u00f5es de trabalho, passando pela ferramenta CAD, softwares de c\u00e1lculos, ferramenta office at\u00e9 mesmo as Normas T\u00e9cnicas que consultamos no dia-a-dia s\u00e3o genu\u00ednas e certificadas.<\/span><\/p>\t\t\t\t\t\t\t\t<\/div>\n\t\t\t\t<\/div>\n\t\t\t\t<\/div>\n\t\t\t\t<\/div>\n\t\t\t\t\t<\/div>\n\t\t\t\t<\/div>\n\t\t<div class=\"elementor-element elementor-element-0273d3f e-flex e-con-boxed e-con e-parent\" data-id=\"0273d3f\" data-element_type=\"container\" data-settings=\"{&quot;background_background&quot;:&quot;classic&quot;}\">\n\t\t\t\t\t<div class=\"e-con-inner\">\n\t\t<div class=\"elementor-element elementor-element-0152d9d e-con-full e-flex e-con e-child\" data-id=\"0152d9d\" data-element_type=\"container\" data-settings=\"{&quot;background_background&quot;:&quot;classic&quot;}\">\n\t\t\t\t<div class=\"elementor-element elementor-element-5712204 elementor-widget elementor-widget-heading\" data-id=\"5712204\" data-element_type=\"widget\" data-widget_type=\"heading.default\">\n\t\t\t\t<div class=\"elementor-widget-container\">\n\t\t\t\t\t<h2 class=\"elementor-heading-title elementor-size-default\">Time completo!<\/h2>\t\t\t\t<\/div>\n\t\t\t\t<\/div>\n\t\t\t\t<div class=\"elementor-element elementor-element-b3f6a16 elementor-widget-mobile__width-inherit elementor-invisible elementor-widget elementor-widget-text-editor\" data-id=\"b3f6a16\" data-element_type=\"widget\" data-settings=\"{&quot;_animation&quot;:&quot;fadeInUp&quot;}\" data-widget_type=\"text-editor.default\">\n\t\t\t\t<div class=\"elementor-widget-container\">\n\t\t\t\t\t\t\t\t\t<p>Nossa equipe \u00e9 composta por engenheiros civis, engenheiro eletricista e engenheiro mec\u00e2nico, que s\u00e3o especialistas em projetos complementares. Al\u00e9m dos engenheiros, cotamos tamb\u00e9m com t\u00e9cnicos em projetos que trabalham com o desenvolvimento dos projetos sob a supervis\u00e3o dos respons\u00e1veis t\u00e9cnicos.<\/p><p>Buscamos continuamente aperfei\u00e7oamentos a fim de desenvolver projetos din\u00e2micos, pr\u00e1ticos e eficientes, sem nunca abrir m\u00e3o do know how adquirido ao longo dos anos.<\/p>\t\t\t\t\t\t\t\t<\/div>\n\t\t\t\t<\/div>\n\t\t\t\t<\/div>\n\t\t\t\t\t<\/div>\n\t\t\t\t<\/div>\n\t\t\t\t<\/div>\n\t\t","protected":false},"excerpt":{"rendered":"<p>Quem Somos A Four Plan Engenharia se lan\u00e7ou ao mercado com o objetivo de atender \u00e0 demanda por empresas qualificadas em Projetos Complementares de Engenharia, que al\u00e9m da qualidade, apresentem tamb\u00e9m competitividade em rela\u00e7\u00e3o aos custos e prazos dos projetos.\u00a0 Hoje oferecemos como principal diferencial a possibilidade de entregar todos os projetos complementares compatibilizados em [&hellip;]<\/p>\n","protected":false},"author":2,"featured_media":0,"parent":0,"menu_order":0,"comment_status":"closed","ping_status":"closed","template":"","meta":{"footnotes":""},"class_list":["post-45","page","type-page","status-publish","hentry"],"_links":{"self":[{"href":"https:\/\/web.gsasites.com.br\/4plan\/wp-json\/wp\/v2\/pages\/45","targetHints":{"allow":["GET"]}}],"collection":[{"href":"https:\/\/web.gsasites.com.br\/4plan\/wp-json\/wp\/v2\/pages"}],"about":[{"href":"https:\/\/web.gsasites.com.br\/4plan\/wp-json\/wp\/v2\/types\/page"}],"author":[{"embeddable":true,"href":"https:\/\/web.gsasites.com.br\/4plan\/wp-json\/wp\/v2\/users\/2"}],"replies":[{"embeddable":true,"href":"https:\/\/web.gsasites.com.br\/4plan\/wp-json\/wp\/v2\/comments?post=45"}],"version-history":[{"count":163,"href":"https:\/\/web.gsasites.com.br\/4plan\/wp-json\/wp\/v2\/pages\/45\/revisions"}],"predecessor-version":[{"id":920,"href":"https:\/\/web.gsasites.com.br\/4plan\/wp-json\/wp\/v2\/pages\/45\/revisions\/920"}],"wp:attachment":[{"href":"https:\/\/web.gsasites.com.br\/4plan\/wp-json\/wp\/v2\/media?parent=45"}],"curies":[{"name":"wp","href":"https:\/\/api.w.org\/{rel}","templated":true}]}}