{"id":492,"date":"2024-05-14T10:22:48","date_gmt":"2024-05-14T13:22:48","guid":{"rendered":"https:\/\/web.gsasites.com.br\/bwametalurgica\/?page_id=492"},"modified":"2024-05-16T11:34:18","modified_gmt":"2024-05-16T14:34:18","slug":"servicos","status":"publish","type":"page","link":"https:\/\/web.gsasites.com.br\/bwametalurgica\/servicos\/","title":{"rendered":"Servi\u00e7os"},"content":{"rendered":"\t\t<div data-elementor-type=\"wp-page\" data-elementor-id=\"492\" class=\"elementor elementor-492\" data-elementor-post-type=\"page\">\n\t\t\t\t<div class=\"elementor-element elementor-element-4c2ae94 e-flex e-con-boxed e-con e-parent\" data-id=\"4c2ae94\" data-element_type=\"container\" data-settings=\"{&quot;background_background&quot;:&quot;classic&quot;}\">\n\t\t\t\t\t<div class=\"e-con-inner\">\n\t\t<div class=\"elementor-element elementor-element-c3aaa81 e-flex e-con-boxed e-con e-child\" data-id=\"c3aaa81\" data-element_type=\"container\">\n\t\t\t\t\t<div class=\"e-con-inner\">\n\t\t\t\t<div class=\"elementor-element elementor-element-d04e4cb elementor-widget elementor-widget-heading\" data-id=\"d04e4cb\" data-element_type=\"widget\" data-widget_type=\"heading.default\">\n\t\t\t\t<div class=\"elementor-widget-container\">\n\t\t\t<style>\/*! elementor - v3.21.0 - 20-05-2024 *\/\n.elementor-heading-title{padding:0;margin:0;line-height:1}.elementor-widget-heading .elementor-heading-title[class*=elementor-size-]>a{color:inherit;font-size:inherit;line-height:inherit}.elementor-widget-heading .elementor-heading-title.elementor-size-small{font-size:15px}.elementor-widget-heading .elementor-heading-title.elementor-size-medium{font-size:19px}.elementor-widget-heading .elementor-heading-title.elementor-size-large{font-size:29px}.elementor-widget-heading .elementor-heading-title.elementor-size-xl{font-size:39px}.elementor-widget-heading .elementor-heading-title.elementor-size-xxl{font-size:59px}<\/style><h1 class=\"elementor-heading-title elementor-size-default\">Servi\u00e7os<\/h1>\t\t<\/div>\n\t\t\t\t<\/div>\n\t\t\t\t\t<\/div>\n\t\t\t\t<\/div>\n\t\t\t\t\t<\/div>\n\t\t\t\t<\/div>\n\t\t<div class=\"elementor-element elementor-element-6d98911 e-flex e-con-boxed e-con e-parent\" data-id=\"6d98911\" data-element_type=\"container\" data-settings=\"{&quot;background_background&quot;:&quot;classic&quot;}\">\n\t\t\t\t\t<div class=\"e-con-inner\">\n\t\t<div class=\"elementor-element elementor-element-48f03e6 e-flex e-con-boxed e-con e-child\" data-id=\"48f03e6\" data-element_type=\"container\">\n\t\t\t\t\t<div class=\"e-con-inner\">\n\t\t\t\t<div class=\"elementor-element elementor-element-3279d22 elementor-widget elementor-widget-heading\" data-id=\"3279d22\" data-element_type=\"widget\" data-widget_type=\"heading.default\">\n\t\t\t\t<div class=\"elementor-widget-container\">\n\t\t\t<h2 class=\"elementor-heading-title elementor-size-default\">Nossos Servi\u00e7os Abrangentes\n<\/h2>\t\t<\/div>\n\t\t\t\t<\/div>\n\t\t\t\t\t<\/div>\n\t\t\t\t<\/div>\n\t\t<div class=\"elementor-element elementor-element-a67b99b e-flex e-con-boxed e-con e-child\" data-id=\"a67b99b\" data-element_type=\"container\">\n\t\t\t\t\t<div class=\"e-con-inner\">\n\t\t<div class=\"elementor-element elementor-element-993fba1 e-con-full e-flex e-con e-child\" data-id=\"993fba1\" data-element_type=\"container\">\n\t\t\t\t<div class=\"elementor-element elementor-element-f9c0318 elementor-widget elementor-widget-image\" data-id=\"f9c0318\" data-element_type=\"widget\" data-widget_type=\"image.default\">\n\t\t\t\t<div class=\"elementor-widget-container\">\n\t\t\t<style>\/*! elementor - v3.21.0 - 20-05-2024 *\/\n.elementor-widget-image{text-align:center}.elementor-widget-image a{display:inline-block}.elementor-widget-image a img[src$=\".svg\"]{width:48px}.elementor-widget-image img{vertical-align:middle;display:inline-block}<\/style>\t\t\t\t\t\t\t\t\t\t<img decoding=\"async\" src=\"https:\/\/web.gsasites.com.br\/bwametalurgica\/wp-content\/uploads\/elementor\/thumbs\/cnc-laser-cutting-of-metal-modern-industrial-technology--qnkwyc3iiox1g853rr09kes0qeahcevww5davu0k5c.jpg\" title=\"cnc-laser-cutting-of-metal-modern-industrial-technology-.jpg\" alt=\"cnc-laser-cutting-of-metal-modern-industrial-technology-.jpg\" loading=\"lazy\" \/>\t\t\t\t\t\t\t\t\t\t\t\t\t<\/div>\n\t\t\t\t<\/div>\n\t\t<div class=\"elementor-element elementor-element-4f63be5 e-con-full e-flex e-con e-child\" data-id=\"4f63be5\" data-element_type=\"container\" data-settings=\"{&quot;background_background&quot;:&quot;classic&quot;}\">\n\t\t\t\t<div class=\"elementor-element elementor-element-0a978f7 elementor-widget elementor-widget-icon-box\" data-id=\"0a978f7\" data-element_type=\"widget\" data-widget_type=\"icon-box.default\">\n\t\t\t\t<div class=\"elementor-widget-container\">\n\t\t\t<link rel=\"stylesheet\" href=\"https:\/\/web.gsasites.com.br\/bwametalurgica\/wp-content\/plugins\/elementor\/assets\/css\/widget-icon-box.min.css\">\t\t<div class=\"elementor-icon-box-wrapper\">\n\n\t\t\t\n\t\t\t\t\t\t<div class=\"elementor-icon-box-content\">\n\n\t\t\t\t\t\t\t\t\t<div class=\"elementor-icon-box-title\">\n\t\t\t\t\t\t<span  >\n\t\t\t\t\t\t\tCorte a Laser\t\t\t\t\t\t<\/span>\n\t\t\t\t\t<\/div>\n\t\t\t\t\n\t\t\t\t\t\t\t\t\t<p class=\"elementor-icon-box-description\">\n\t\t\t\t\t\tDominamos a arte da precis\u00e3o com tecnologia de \u00faltima gera\u00e7\u00e3o, garantindo cortes r\u00e1pidos, precisos e sem rebarbas em chapas de a\u00e7o, alum\u00ednio e outros metais.\t\t\t\t\t<\/p>\n\t\t\t\t\n\t\t\t<\/div>\n\t\t\t\n\t\t<\/div>\n\t\t\t\t<\/div>\n\t\t\t\t<\/div>\n\t\t\t\t<div class=\"elementor-element elementor-element-92dc8ba elementor-align-left elementor-widget elementor-widget-button\" data-id=\"92dc8ba\" data-element_type=\"widget\" data-widget_type=\"button.default\">\n\t\t\t\t<div class=\"elementor-widget-container\">\n\t\t\t\t\t<div class=\"elementor-button-wrapper\">\n\t\t\t<a class=\"elementor-button elementor-button-link elementor-size-sm\" href=\"https:\/\/web.gsasites.com.br\/bwametalurgica\/servicos\/maquina-de-corte-a-laser-fibra-1000w\/\">\n\t\t\t\t\t\t<span class=\"elementor-button-content-wrapper\">\n\t\t\t\t\t\t\t\t\t<span class=\"elementor-button-text\">Saiba Mais<\/span>\n\t\t\t\t\t<\/span>\n\t\t\t\t\t<\/a>\n\t\t<\/div>\n\t\t\t\t<\/div>\n\t\t\t\t<\/div>\n\t\t\t\t<\/div>\n\t\t\t\t<\/div>\n\t\t<div class=\"elementor-element elementor-element-60812ff e-con-full e-flex e-con e-child\" data-id=\"60812ff\" data-element_type=\"container\">\n\t\t\t\t<div class=\"elementor-element elementor-element-3328dd8 elementor-widget elementor-widget-image\" data-id=\"3328dd8\" data-element_type=\"widget\" data-widget_type=\"image.default\">\n\t\t\t\t<div class=\"elementor-widget-container\">\n\t\t\t\t\t\t\t\t\t\t\t\t\t<img decoding=\"async\" src=\"https:\/\/web.gsasites.com.br\/bwametalurgica\/wp-content\/uploads\/elementor\/thumbs\/Dobra-de-chapas-qo5ex44ztqu2kkevfvwz2vjsps0p5g5nthv3bl6r5s.jpg\" title=\"Dobra de chapas\" alt=\"Dobra de chapas\" loading=\"lazy\" \/>\t\t\t\t\t\t\t\t\t\t\t\t\t<\/div>\n\t\t\t\t<\/div>\n\t\t<div class=\"elementor-element elementor-element-d3a1cd0 e-con-full e-flex e-con e-child\" data-id=\"d3a1cd0\" data-element_type=\"container\" data-settings=\"{&quot;background_background&quot;:&quot;classic&quot;}\">\n\t\t\t\t<div class=\"elementor-element elementor-element-3dc9b3b elementor-widget elementor-widget-icon-box\" data-id=\"3dc9b3b\" data-element_type=\"widget\" data-widget_type=\"icon-box.default\">\n\t\t\t\t<div class=\"elementor-widget-container\">\n\t\t\t\t\t<div class=\"elementor-icon-box-wrapper\">\n\n\t\t\t\n\t\t\t\t\t\t<div class=\"elementor-icon-box-content\">\n\n\t\t\t\t\t\t\t\t\t<div class=\"elementor-icon-box-title\">\n\t\t\t\t\t\t<span  >\n\t\t\t\t\t\t\tDobra de Chapas\t\t\t\t\t\t<\/span>\n\t\t\t\t\t<\/div>\n\t\t\t\t\n\t\t\t\t\t\t\t\t\t<p class=\"elementor-icon-box-description\">\n\t\t\t\t\t\t Damos forma \u00e0 sua vis\u00e3o com dobras perfeitas e milim\u00e9tricas, utilizando equipamentos modernos e profissionais experientes.\t\t\t\t\t<\/p>\n\t\t\t\t\n\t\t\t<\/div>\n\t\t\t\n\t\t<\/div>\n\t\t\t\t<\/div>\n\t\t\t\t<\/div>\n\t\t\t\t<div class=\"elementor-element elementor-element-d8621a6 elementor-align-left elementor-widget elementor-widget-button\" data-id=\"d8621a6\" data-element_type=\"widget\" data-widget_type=\"button.default\">\n\t\t\t\t<div class=\"elementor-widget-container\">\n\t\t\t\t\t<div class=\"elementor-button-wrapper\">\n\t\t\t<a class=\"elementor-button elementor-button-link elementor-size-sm\" href=\"https:\/\/web.gsasites.com.br\/bwametalurgica\/servicos\/servicos-de-dobra\/\">\n\t\t\t\t\t\t<span class=\"elementor-button-content-wrapper\">\n\t\t\t\t\t\t\t\t\t<span class=\"elementor-button-text\">Saiba Mais<\/span>\n\t\t\t\t\t<\/span>\n\t\t\t\t\t<\/a>\n\t\t<\/div>\n\t\t\t\t<\/div>\n\t\t\t\t<\/div>\n\t\t\t\t<\/div>\n\t\t\t\t<\/div>\n\t\t<div class=\"elementor-element elementor-element-2721158 e-con-full e-flex e-con e-child\" data-id=\"2721158\" data-element_type=\"container\">\n\t\t\t\t<div class=\"elementor-element elementor-element-07521ff elementor-widget elementor-widget-image\" data-id=\"07521ff\" data-element_type=\"widget\" data-widget_type=\"image.default\">\n\t\t\t\t<div class=\"elementor-widget-container\">\n\t\t\t\t\t\t\t\t\t\t\t\t\t<img decoding=\"async\" src=\"https:\/\/web.gsasites.com.br\/bwametalurgica\/wp-content\/uploads\/elementor\/thumbs\/IMG_20220114_112205-scaled-e1715611110603-qo3sby2ccvjiw43ji6q2548mg3ud7mwj62w4bkh14w.jpg\" title=\"IMG_20220114_112205\" alt=\"IMG_20220114_112205\" loading=\"lazy\" \/>\t\t\t\t\t\t\t\t\t\t\t\t\t<\/div>\n\t\t\t\t<\/div>\n\t\t<div class=\"elementor-element elementor-element-d4892be e-con-full e-flex e-con e-child\" data-id=\"d4892be\" data-element_type=\"container\" data-settings=\"{&quot;background_background&quot;:&quot;classic&quot;}\">\n\t\t\t\t<div class=\"elementor-element elementor-element-ac4f16f elementor-widget elementor-widget-icon-box\" data-id=\"ac4f16f\" data-element_type=\"widget\" data-widget_type=\"icon-box.default\">\n\t\t\t\t<div class=\"elementor-widget-container\">\n\t\t\t\t\t<div class=\"elementor-icon-box-wrapper\">\n\n\t\t\t\n\t\t\t\t\t\t<div class=\"elementor-icon-box-content\">\n\n\t\t\t\t\t\t\t\t\t<div class=\"elementor-icon-box-title\">\n\t\t\t\t\t\t<span  >\n\t\t\t\t\t\t\tEstamparia em Chapa de A\u00e7o\t\t\t\t\t\t<\/span>\n\t\t\t\t\t<\/div>\n\t\t\t\t\n\t\t\t\t\t\t\t\t\t<p class=\"elementor-icon-box-description\">\n\t\t\t\t\t\tCriamos pe\u00e7as complexas e com alto n\u00edvel de detalhamento atrav\u00e9s da estamparia, otimizando custos e produ\u00e7\u00e3o.\t\t\t\t\t<\/p>\n\t\t\t\t\n\t\t\t<\/div>\n\t\t\t\n\t\t<\/div>\n\t\t\t\t<\/div>\n\t\t\t\t<\/div>\n\t\t\t\t<div class=\"elementor-element elementor-element-2cd48ea elementor-align-left elementor-widget elementor-widget-button\" data-id=\"2cd48ea\" data-element_type=\"widget\" data-widget_type=\"button.default\">\n\t\t\t\t<div class=\"elementor-widget-container\">\n\t\t\t\t\t<div class=\"elementor-button-wrapper\">\n\t\t\t<a class=\"elementor-button elementor-button-link elementor-size-sm\" href=\"https:\/\/web.gsasites.com.br\/bwametalurgica\/servicos\/maquina-puncionadeira-amada-vipros-357\/\">\n\t\t\t\t\t\t<span class=\"elementor-button-content-wrapper\">\n\t\t\t\t\t\t\t\t\t<span class=\"elementor-button-text\">Saiba Mais<\/span>\n\t\t\t\t\t<\/span>\n\t\t\t\t\t<\/a>\n\t\t<\/div>\n\t\t\t\t<\/div>\n\t\t\t\t<\/div>\n\t\t\t\t<\/div>\n\t\t\t\t<\/div>\n\t\t<div class=\"elementor-element elementor-element-3c2b897 e-con-full e-flex e-con e-child\" data-id=\"3c2b897\" data-element_type=\"container\">\n\t\t\t\t<div class=\"elementor-element elementor-element-21b3c86 elementor-widget elementor-widget-image\" data-id=\"21b3c86\" data-element_type=\"widget\" data-widget_type=\"image.default\">\n\t\t\t\t<div class=\"elementor-widget-container\">\n\t\t\t\t\t\t\t\t\t\t\t\t\t<img fetchpriority=\"high\" decoding=\"async\" width=\"1280\" height=\"852\" src=\"https:\/\/web.gsasites.com.br\/bwametalurgica\/wp-content\/uploads\/2024\/05\/welder-used-grinding-stone-on-steel-in-factory-with-sparks.jpg\" class=\"attachment-full size-full wp-image-17\" alt=\"\" srcset=\"https:\/\/web.gsasites.com.br\/bwametalurgica\/wp-content\/uploads\/2024\/05\/welder-used-grinding-stone-on-steel-in-factory-with-sparks.jpg 1280w, https:\/\/web.gsasites.com.br\/bwametalurgica\/wp-content\/uploads\/2024\/05\/welder-used-grinding-stone-on-steel-in-factory-with-sparks-300x200.jpg 300w, https:\/\/web.gsasites.com.br\/bwametalurgica\/wp-content\/uploads\/2024\/05\/welder-used-grinding-stone-on-steel-in-factory-with-sparks-1024x682.jpg 1024w, https:\/\/web.gsasites.com.br\/bwametalurgica\/wp-content\/uploads\/2024\/05\/welder-used-grinding-stone-on-steel-in-factory-with-sparks-768x511.jpg 768w\" sizes=\"(max-width: 1280px) 100vw, 1280px\" \/>\t\t\t\t\t\t\t\t\t\t\t\t\t<\/div>\n\t\t\t\t<\/div>\n\t\t<div class=\"elementor-element elementor-element-d7dc579 e-con-full e-flex e-con e-child\" data-id=\"d7dc579\" data-element_type=\"container\" data-settings=\"{&quot;background_background&quot;:&quot;classic&quot;}\">\n\t\t\t\t<div class=\"elementor-element elementor-element-b3828c8 elementor-widget elementor-widget-icon-box\" data-id=\"b3828c8\" data-element_type=\"widget\" data-widget_type=\"icon-box.default\">\n\t\t\t\t<div class=\"elementor-widget-container\">\n\t\t\t\t\t<div class=\"elementor-icon-box-wrapper\">\n\n\t\t\t\n\t\t\t\t\t\t<div class=\"elementor-icon-box-content\">\n\n\t\t\t\t\t\t\t\t\t<div class=\"elementor-icon-box-title\">\n\t\t\t\t\t\t<span  >\n\t\t\t\t\t\t\tServi\u00e7os Complementares\t\t\t\t\t\t<\/span>\n\t\t\t\t\t<\/div>\n\t\t\t\t\n\t\t\t\t\t\t\t\t\t<p class=\"elementor-icon-box-description\">\n\t\t\t\t\t\tOferecemos uma gama completa de servi\u00e7os metal\u00fargicos, incluindo automa\u00e7\u00e3o industrial, soldagem, caldeiraria e montagem.\t\t\t\t\t<\/p>\n\t\t\t\t\n\t\t\t<\/div>\n\t\t\t\n\t\t<\/div>\n\t\t\t\t<\/div>\n\t\t\t\t<\/div>\n\t\t\t\t<div class=\"elementor-element elementor-element-a0238f8 elementor-align-left elementor-widget elementor-widget-button\" data-id=\"a0238f8\" data-element_type=\"widget\" data-widget_type=\"button.default\">\n\t\t\t\t<div class=\"elementor-widget-container\">\n\t\t\t\t\t<div class=\"elementor-button-wrapper\">\n\t\t\t<a class=\"elementor-button elementor-button-link elementor-size-sm\" href=\"https:\/\/web.gsasites.com.br\/bwametalurgica\/servicos\/servicos-de-automacao-e-solucoes\/\">\n\t\t\t\t\t\t<span class=\"elementor-button-content-wrapper\">\n\t\t\t\t\t\t\t\t\t<span class=\"elementor-button-text\">Saiba Mais<\/span>\n\t\t\t\t\t<\/span>\n\t\t\t\t\t<\/a>\n\t\t<\/div>\n\t\t\t\t<\/div>\n\t\t\t\t<\/div>\n\t\t\t\t<\/div>\n\t\t\t\t<\/div>\n\t\t\t\t\t<\/div>\n\t\t\t\t<\/div>\n\t\t\t\t\t<\/div>\n\t\t\t\t<\/div>\n\t\t<div class=\"elementor-element elementor-element-04dba26 e-flex e-con-boxed e-con e-parent\" data-id=\"04dba26\" data-element_type=\"container\" data-settings=\"{&quot;background_background&quot;:&quot;classic&quot;}\">\n\t\t\t\t\t<div class=\"e-con-inner\">\n\t\t<div class=\"elementor-element elementor-element-8b7d214 e-con-full e-flex e-con e-child\" data-id=\"8b7d214\" data-element_type=\"container\">\n\t\t\t\t<div class=\"elementor-element elementor-element-bdeeeab elementor-widget elementor-widget-heading\" data-id=\"bdeeeab\" data-element_type=\"widget\" data-widget_type=\"heading.default\">\n\t\t\t\t<div class=\"elementor-widget-container\">\n\t\t\t<h2 class=\"elementor-heading-title elementor-size-default\">Confie na BWA e nossa Expertise<\/h2>\t\t<\/div>\n\t\t\t\t<\/div>\n\t\t\t\t<div class=\"elementor-element elementor-element-ae33813 elementor-widget elementor-widget-text-editor\" data-id=\"ae33813\" data-element_type=\"widget\" data-widget_type=\"text-editor.default\">\n\t\t\t\t<div class=\"elementor-widget-container\">\n\t\t\t<style>\/*! elementor - v3.21.0 - 20-05-2024 *\/\n.elementor-widget-text-editor.elementor-drop-cap-view-stacked .elementor-drop-cap{background-color:#69727d;color:#fff}.elementor-widget-text-editor.elementor-drop-cap-view-framed .elementor-drop-cap{color:#69727d;border:3px solid;background-color:transparent}.elementor-widget-text-editor:not(.elementor-drop-cap-view-default) .elementor-drop-cap{margin-top:8px}.elementor-widget-text-editor:not(.elementor-drop-cap-view-default) .elementor-drop-cap-letter{width:1em;height:1em}.elementor-widget-text-editor .elementor-drop-cap{float:left;text-align:center;line-height:1;font-size:50px}.elementor-widget-text-editor .elementor-drop-cap-letter{display:inline-block}<\/style>\t\t\t\t<p>Oferecemos a voc\u00ea a oportunidade de transformar suas ideias em projetos concretos, garantindo que suas necessidades sejam atendidas de forma r\u00e1pida, eficiente e com alta qualidade. Trabalhamos para ajudar voc\u00ea a reduzir custos e otimizar sua produ\u00e7\u00e3o, proporcionando tranquilidade ao colaborar com uma empresa confi\u00e1vel e comprometida com o seu sucesso.<\/p><p>Entre em contato conosco hoje mesmo para descobrir como podemos auxili\u00e1-lo a alcan\u00e7ar seus objetivos!<\/p>\t\t\t\t\t\t<\/div>\n\t\t\t\t<\/div>\n\t\t\t\t<div class=\"elementor-element elementor-element-f916c1d elementor-widget elementor-widget-button\" data-id=\"f916c1d\" data-element_type=\"widget\" data-widget_type=\"button.default\">\n\t\t\t\t<div class=\"elementor-widget-container\">\n\t\t\t\t\t<div class=\"elementor-button-wrapper\">\n\t\t\t<a class=\"elementor-button elementor-button-link elementor-size-sm\" href=\"https:\/\/web.gsasites.com.br\/bwametalurgica\/contato\/\">\n\t\t\t\t\t\t<span class=\"elementor-button-content-wrapper\">\n\t\t\t\t\t\t\t\t\t<span class=\"elementor-button-text\">Entre em contato conosco<\/span>\n\t\t\t\t\t<\/span>\n\t\t\t\t\t<\/a>\n\t\t<\/div>\n\t\t\t\t<\/div>\n\t\t\t\t<\/div>\n\t\t\t\t<\/div>\n\t\t<div class=\"elementor-element elementor-element-f543134 e-con-full e-flex e-con e-child\" data-id=\"f543134\" data-element_type=\"container\">\n\t\t\t\t<div class=\"elementor-element elementor-element-6a480cc elementor-hidden-mobile elementor-widget elementor-widget-image\" data-id=\"6a480cc\" data-element_type=\"widget\" data-widget_type=\"image.default\">\n\t\t\t\t<div class=\"elementor-widget-container\">\n\t\t\t\t\t\t\t\t\t\t\t\t\t<img decoding=\"async\" width=\"1280\" height=\"854\" src=\"https:\/\/web.gsasites.com.br\/bwametalurgica\/wp-content\/uploads\/2024\/05\/two-men-with-tablet-discussing-on-factory-shop-floor.jpg\" class=\"attachment-full size-full wp-image-121\" alt=\"\" srcset=\"https:\/\/web.gsasites.com.br\/bwametalurgica\/wp-content\/uploads\/2024\/05\/two-men-with-tablet-discussing-on-factory-shop-floor.jpg 1280w, https:\/\/web.gsasites.com.br\/bwametalurgica\/wp-content\/uploads\/2024\/05\/two-men-with-tablet-discussing-on-factory-shop-floor-300x200.jpg 300w, https:\/\/web.gsasites.com.br\/bwametalurgica\/wp-content\/uploads\/2024\/05\/two-men-with-tablet-discussing-on-factory-shop-floor-1024x683.jpg 1024w, https:\/\/web.gsasites.com.br\/bwametalurgica\/wp-content\/uploads\/2024\/05\/two-men-with-tablet-discussing-on-factory-shop-floor-768x512.jpg 768w\" sizes=\"(max-width: 1280px) 100vw, 1280px\" \/>\t\t\t\t\t\t\t\t\t\t\t\t\t<\/div>\n\t\t\t\t<\/div>\n\t\t\t\t<\/div>\n\t\t\t\t\t<\/div>\n\t\t\t\t<\/div>\n\t\t\t\t<\/div>\n\t\t","protected":false},"excerpt":{"rendered":"<p>Nossos Servi\u00e7os Abrangentes Corte a Laser Dominamos a arte da precis\u00e3o com tecnologia de \u00faltima gera\u00e7\u00e3o, garantindo cortes r\u00e1pidos, precisos e sem rebarbas em chapas de a\u00e7o, alum\u00ednio e outros metais. Saiba Mais Dobra de Chapas Damos forma \u00e0 sua vis\u00e3o com dobras perfeitas e milim\u00e9tricas, utilizando equipamentos modernos e profissionais experientes. Saiba Mais Estamparia [&hellip;]<\/p>\n","protected":false},"author":1,"featured_media":0,"parent":0,"menu_order":0,"comment_status":"closed","ping_status":"closed","template":"elementor_header_footer","meta":{"footnotes":""},"class_list":["post-492","page","type-page","status-publish","hentry"],"_links":{"self":[{"href":"https:\/\/web.gsasites.com.br\/bwametalurgica\/wp-json\/wp\/v2\/pages\/492","targetHints":{"allow":["GET"]}}],"collection":[{"href":"https:\/\/web.gsasites.com.br\/bwametalurgica\/wp-json\/wp\/v2\/pages"}],"about":[{"href":"https:\/\/web.gsasites.com.br\/bwametalurgica\/wp-json\/wp\/v2\/types\/page"}],"author":[{"embeddable":true,"href":"https:\/\/web.gsasites.com.br\/bwametalurgica\/wp-json\/wp\/v2\/users\/1"}],"replies":[{"embeddable":true,"href":"https:\/\/web.gsasites.com.br\/bwametalurgica\/wp-json\/wp\/v2\/comments?post=492"}],"version-history":[{"count":13,"href":"https:\/\/web.gsasites.com.br\/bwametalurgica\/wp-json\/wp\/v2\/pages\/492\/revisions"}],"predecessor-version":[{"id":543,"href":"https:\/\/web.gsasites.com.br\/bwametalurgica\/wp-json\/wp\/v2\/pages\/492\/revisions\/543"}],"wp:attachment":[{"href":"https:\/\/web.gsasites.com.br\/bwametalurgica\/wp-json\/wp\/v2\/media?parent=492"}],"curies":[{"name":"wp","href":"https:\/\/api.w.org\/{rel}","templated":true}]}}