{"id":298,"date":"2025-01-27T19:56:21","date_gmt":"2025-01-27T19:56:21","guid":{"rendered":"https:\/\/web.gsasites.com.br\/equipamentosipiranga\/produto\/flexo-extensora-conjugado-sentada-deitada\/"},"modified":"2025-10-24T22:19:08","modified_gmt":"2025-10-24T22:19:08","slug":"flexo-extensora-conjugado-sentada-deitada","status":"publish","type":"product","link":"https:\/\/web.gsasites.com.br\/equipamentosipiranga\/produto\/flexo-extensora-conjugado-sentada-deitada\/","title":{"rendered":"Flexora deitada e extensora conjugado"},"content":{"rendered":"<p>Potencialize o treino de suas pernas com a esta\u00e7\u00e3o double Leg Extension Leg Curl, projetada para refinar e tonificar seus m\u00fasculos de forma inteligente.<\/p>\n<p>Com ajustes de f\u00e1cil acesso e pontos de ajuste intuitivos, essa m\u00e1quina oferece uma experi\u00eancia de treino sem complica\u00e7\u00e3o e 100 focada nos resultados.<\/p>\n<p>A transi\u00e7\u00e3o suave entre os exerc\u00edcios \u00e9 garantida pelo seu sistema de movimento de a\u00e7\u00e3o compensat\u00f3ria, enquanto o estofado do encosto m\u00f3vel permite ajustes r\u00e1pidos para um conforto perfeito e a m\u00e1xima seguran\u00e7a.<\/p>\n","protected":false},"excerpt":{"rendered":"<p>Versatilidade Ampliada para Treinamentos de For\u00e7a Completos e Econ\u00f4micos em Espa\u00e7o<\/p>\n<p>A versatilidade das nossas M\u00e1quinas DOUBLE torna f\u00e1cil criar uma experi\u00eancia de treinamento de for\u00e7a multifuncional e que economiza espa\u00e7o. Ao combinar e ajustar diferentes m\u00e1quinas dois-em-um, voc\u00ea aproveita ao m\u00e1ximo o seu espa\u00e7o, oferecendo ao mesmo tempo um treino de for\u00e7a completo e eficiente.<\/p>\n","protected":false},"featured_media":3804,"template":"","meta":{"_jf_save_progress":""},"product_brand":[],"product_cat":[24],"product_tag":[],"class_list":{"0":"post-298","1":"product","2":"type-product","3":"status-publish","4":"has-post-thumbnail","6":"product_cat-double-smart-premium","8":"first","9":"instock","10":"purchasable","11":"product-type-simple"},"_links":{"self":[{"href":"https:\/\/web.gsasites.com.br\/equipamentosipiranga\/wp-json\/wp\/v2\/product\/298","targetHints":{"allow":["GET"]}}],"collection":[{"href":"https:\/\/web.gsasites.com.br\/equipamentosipiranga\/wp-json\/wp\/v2\/product"}],"about":[{"href":"https:\/\/web.gsasites.com.br\/equipamentosipiranga\/wp-json\/wp\/v2\/types\/product"}],"wp:featuredmedia":[{"embeddable":true,"href":"https:\/\/web.gsasites.com.br\/equipamentosipiranga\/wp-json\/wp\/v2\/media\/3804"}],"wp:attachment":[{"href":"https:\/\/web.gsasites.com.br\/equipamentosipiranga\/wp-json\/wp\/v2\/media?parent=298"}],"wp:term":[{"taxonomy":"product_brand","embeddable":true,"href":"https:\/\/web.gsasites.com.br\/equipamentosipiranga\/wp-json\/wp\/v2\/product_brand?post=298"},{"taxonomy":"product_cat","embeddable":true,"href":"https:\/\/web.gsasites.com.br\/equipamentosipiranga\/wp-json\/wp\/v2\/product_cat?post=298"},{"taxonomy":"product_tag","embeddable":true,"href":"https:\/\/web.gsasites.com.br\/equipamentosipiranga\/wp-json\/wp\/v2\/product_tag?post=298"}],"curies":[{"name":"wp","href":"https:\/\/api.w.org\/{rel}","templated":true}]}}