{"id":306,"date":"2025-01-27T19:56:21","date_gmt":"2025-01-27T19:56:21","guid":{"rendered":"https:\/\/web.gsasites.com.br\/equipamentosipiranga\/produto\/cross-over-angulado-carga\/"},"modified":"2025-10-24T22:19:09","modified_gmt":"2025-10-24T22:19:09","slug":"cross-over-angulado-carga","status":"publish","type":"product","link":"https:\/\/web.gsasites.com.br\/equipamentosipiranga\/produto\/cross-over-angulado-carga\/","title":{"rendered":"Cross Over angulado carga"},"content":{"rendered":"<p>Cross Over Angular \u00e9 um aparelho profissional que oferece amplitude de movimento para treinos do corpo como um todo, sendo muito mais compacto que o modelo tradicional e sendo um produto muito robusto, simplificando o utiliza\u00e7\u00e3o da m\u00e1quina com sistemas que potencializam as regulagens com praticidade e tecnologia, versatilidade, biomec\u00e2nica impec\u00e1vel e conforto ditam os diferencias dessa arrojada nova linha IPIRANGA Guias todas feitas em a\u00e7o inoxid\u00e1vel Pegadores extras para trabalho isolados e unilaterais nas polias que pode ser utilizado tamb\u00e9m de forma individual como um polia regul\u00e1vel, servindo de op\u00e7\u00e3o para o treino de diversos grupos musculares.<\/p>\n<p>Pegada superior reta e emborrachada para mais uma varia\u00e7\u00e3o no treino de dorsais Confeccionado em Metalon SAE1020 80x40x3,00mm de espessura.<\/p>\n<p>sendo confort\u00e1vel e de extrema durabilidade \u2013 contando com carenagem totalmente em a\u00e7o no corte a laser de alto padr\u00e3o e com estrutura que transmite o DNA da IPIRANGA desde sua cria\u00e7\u00e3o em 1969.<\/p>\n","protected":false},"excerpt":{"rendered":"<p>Cross Over Angular \u00e9 um aparelho profissional que oferece amplitude de movimento para treinos do corpo como um todo, sendo muito mais compacto que o modelo tradicional e sendo um produto muito robusto, simplificando o utiliza\u00e7\u00e3o da m\u00e1quina com sistemas que potencializam as regulagens com praticidade e tecnologia, versatilidade, biomec\u00e2nica impec\u00e1vel e conforto ditam os [&hellip;]<\/p>\n","protected":false},"featured_media":3793,"template":"","meta":{"_jf_save_progress":""},"product_brand":[],"product_cat":[25],"product_tag":[],"class_list":{"0":"post-306","1":"product","2":"type-product","3":"status-publish","4":"has-post-thumbnail","6":"product_cat-new-smart","8":"first","9":"instock","10":"purchasable","11":"product-type-simple"},"_links":{"self":[{"href":"https:\/\/web.gsasites.com.br\/equipamentosipiranga\/wp-json\/wp\/v2\/product\/306","targetHints":{"allow":["GET"]}}],"collection":[{"href":"https:\/\/web.gsasites.com.br\/equipamentosipiranga\/wp-json\/wp\/v2\/product"}],"about":[{"href":"https:\/\/web.gsasites.com.br\/equipamentosipiranga\/wp-json\/wp\/v2\/types\/product"}],"wp:featuredmedia":[{"embeddable":true,"href":"https:\/\/web.gsasites.com.br\/equipamentosipiranga\/wp-json\/wp\/v2\/media\/3793"}],"wp:attachment":[{"href":"https:\/\/web.gsasites.com.br\/equipamentosipiranga\/wp-json\/wp\/v2\/media?parent=306"}],"wp:term":[{"taxonomy":"product_brand","embeddable":true,"href":"https:\/\/web.gsasites.com.br\/equipamentosipiranga\/wp-json\/wp\/v2\/product_brand?post=306"},{"taxonomy":"product_cat","embeddable":true,"href":"https:\/\/web.gsasites.com.br\/equipamentosipiranga\/wp-json\/wp\/v2\/product_cat?post=306"},{"taxonomy":"product_tag","embeddable":true,"href":"https:\/\/web.gsasites.com.br\/equipamentosipiranga\/wp-json\/wp\/v2\/product_tag?post=306"}],"curies":[{"name":"wp","href":"https:\/\/api.w.org\/{rel}","templated":true}]}}