{"id":309,"date":"2025-01-27T19:56:21","date_gmt":"2025-01-27T19:56:21","guid":{"rendered":"https:\/\/web.gsasites.com.br\/equipamentosipiranga\/produto\/standing-multi-flight-elevacao-lateral-em-pe-carga\/"},"modified":"2025-10-24T22:19:09","modified_gmt":"2025-10-24T22:19:09","slug":"standing-multi-flight-elevacao-lateral-em-pe-carga","status":"publish","type":"product","link":"https:\/\/web.gsasites.com.br\/equipamentosipiranga\/produto\/standing-multi-flight-elevacao-lateral-em-pe-carga\/","title":{"rendered":"Standing Multi Flight \u2013 Eleva\u00e7\u00e3o Lateral em P\u00e9 com Peitoral"},"content":{"rendered":"<p>Agora dispon\u00edvel no portf\u00f3lio IPIRANGA FITNESS A nova Standing Multi Flight da IPIRANGA FITNESS chegou para elevar o n\u00edvel da sua academia. Projetada para executar eleva\u00e7\u00e3o lateral em p\u00e9 com apoio peitoral, ela oferece m\u00e1xima ativa\u00e7\u00e3o dos deltoides, com ergonomia e estabilidade incompar\u00e1veis. Com design robusto, elegante e internacional, a m\u00e1quina alia est\u00e9tica premium \u00e0 praticidade no uso, contando com sistemas de regulagem f\u00e1ceis e tecnol\u00f3gicos que garantem versatilidade e conforto para todos os biotipos.<\/p>\n<p>Diferenciais da Linha IPIRANGA Design internacionalVisual moderno e arrojado, com acabamento sofisticado que valoriza qualquer ambiente fitness. Biomec\u00e2nica precisaDesenvolvida para oferecer execu\u00e7\u00e3o natural e eficaz do movimento, com suporte peitoral que estabiliza o tronco e aumenta o foco muscular. Conforto e praticidadeAjustes r\u00e1pidos e intuitivos, ideais para ambientes com rotatividade alta de usu\u00e1rios.<\/p>\n<p>Durabilidade extremaEstrutura refor\u00e7ada e materiais premium que suportam uso intenso, mantendo a performance por muitos anos. Especifica\u00e7\u00f5es T\u00e9cnicas Estrutura: Tubos de 80&#215;40 polegadas com parede m\u00ednima de 2,65 mm Pintura: Eletrost\u00e1tica a p\u00f3 \u2013 resist\u00eancia a riscos e corros\u00e3o Cabos de a\u00e7o: Revestidos com nylon especial fitness Tape\u00e7aria: Corvin especial, resistente ao uso cont\u00ednuo Guias: Em a\u00e7o inox de alta durabilidade Bateria de peso: Revestida em borracha d\u00factil \u2013 menos ru\u00eddo, mais resist\u00eancia Acabamentos: Detalhes em inox, poliuretano tran\u00e7ado e alum\u00ednio Carenagem: Totalmente em a\u00e7o com corte a laser de alto padr\u00e3o Incorpore a inova\u00e7\u00e3o \u00e0 sua academia A Standing Multi Flight pode ser o pr\u00f3ximo grande diferencial do seu espa\u00e7o fitness. Fale conosco e leve essa inova\u00e7\u00e3o para seus alunos!<\/p>\n","protected":false},"excerpt":{"rendered":"<p>Ideal para Treinos de Peito, Ombros e Dorsais. Venha conhecer Esse produto Incr\u00edvel<\/p>\n","protected":false},"featured_media":3803,"template":"","meta":{"_jf_save_progress":""},"product_brand":[],"product_cat":[25],"product_tag":[],"class_list":{"0":"post-309","1":"product","2":"type-product","3":"status-publish","4":"has-post-thumbnail","6":"product_cat-new-smart","8":"first","9":"instock","10":"purchasable","11":"product-type-simple"},"_links":{"self":[{"href":"https:\/\/web.gsasites.com.br\/equipamentosipiranga\/wp-json\/wp\/v2\/product\/309","targetHints":{"allow":["GET"]}}],"collection":[{"href":"https:\/\/web.gsasites.com.br\/equipamentosipiranga\/wp-json\/wp\/v2\/product"}],"about":[{"href":"https:\/\/web.gsasites.com.br\/equipamentosipiranga\/wp-json\/wp\/v2\/types\/product"}],"wp:featuredmedia":[{"embeddable":true,"href":"https:\/\/web.gsasites.com.br\/equipamentosipiranga\/wp-json\/wp\/v2\/media\/3803"}],"wp:attachment":[{"href":"https:\/\/web.gsasites.com.br\/equipamentosipiranga\/wp-json\/wp\/v2\/media?parent=309"}],"wp:term":[{"taxonomy":"product_brand","embeddable":true,"href":"https:\/\/web.gsasites.com.br\/equipamentosipiranga\/wp-json\/wp\/v2\/product_brand?post=309"},{"taxonomy":"product_cat","embeddable":true,"href":"https:\/\/web.gsasites.com.br\/equipamentosipiranga\/wp-json\/wp\/v2\/product_cat?post=309"},{"taxonomy":"product_tag","embeddable":true,"href":"https:\/\/web.gsasites.com.br\/equipamentosipiranga\/wp-json\/wp\/v2\/product_tag?post=309"}],"curies":[{"name":"wp","href":"https:\/\/api.w.org\/{rel}","templated":true}]}}