{"id":3122,"date":"2025-03-18T18:21:03","date_gmt":"2025-03-18T18:21:03","guid":{"rendered":"https:\/\/web.gsasites.com.br\/equipamentosipiranga\/?post_type=product&#038;p=3122"},"modified":"2025-10-24T22:19:17","modified_gmt":"2025-10-24T22:19:17","slug":"produto-teste","status":"publish","type":"product","link":"https:\/\/web.gsasites.com.br\/equipamentosipiranga\/produto\/produto-teste\/","title":{"rendered":"Desenvolvimento Ombros m\u00e1quina"},"content":{"rendered":"<p>Design inovador e arrojado, a nova linha IPIRANGA combina eleg\u00e2ncia internacional com robustez extrema, entregando equipamentos que n\u00e3o apenas impressionam \u2014 eles transformam a experi\u00eancia do usu\u00e1rio. Cada detalhe foi criado pensando na praticidade, na tecnologia de ponta e na versatilidade. O resultado?<\/p>\n<p>M\u00e1quinas que oferecem conforto superior, biomec\u00e2nica perfeita e uma opera\u00e7\u00e3o intuitiva, elevando os treinos a outro n\u00edvel. Diferenciais que vendem por si s\u00f3: Estrutura s\u00f3lida com tubos de 80&#215;40 polegadas, parede m\u00ednima de 2.65 mm Pintura eletrost\u00e1tica a p\u00f3: mais durabilidade e resist\u00eancia Cabos de a\u00e7o com revestimento fitness em nylon especial Tape\u00e7aria em corvin especial: conforto e visual premium Guias em a\u00e7o inox de longa vida \u00fatil Pesos injetados em borracha d\u00factil: mais silenciosos e resistentes Acabamentos em inox, alum\u00ednio e poliuretano tran\u00e7ado Tudo isso envolto por carenagens 100 em a\u00e7o cortado a laser \u2014 um acabamento de alto padr\u00e3o que transmite o DNA da IPIRANGA, presente desde 1969. nbsp; Vantagens do Treinamento de Ombros em M\u00e1quinas O uso de m\u00e1quinas no desenvolvimento dos ombros oferece uma s\u00e9rie de benef\u00edcios que tornam esse m\u00e9todo especialmente eficaz: Estabilidade e Seguran\u00e7a: As m\u00e1quinas proporcionam maior controle durante os movimentos, reduzindo significativamente o risco de les\u00f5es \u2014 ideal para iniciantes ou para quem busca treinos mais seguros.<\/p>\n<p>Isolamento Muscular Aprimorado: Permitem uma ativa\u00e7\u00e3o precisa dos m\u00fasculos delt\u00f3ides, favorecendo a hipertrofia e o ganho de for\u00e7a com maior efici\u00eancia. Variedade de Exerc\u00edcios: As op\u00e7\u00f5es de varia\u00e7\u00f5es \u2014 como movimentos unilaterais, sentado ou com diferentes \u00e2ngulos \u2014 ajudam a evitar a monotonia e estimulam os m\u00fasculos de forma diversificada. Ajuste Personalizado: A possibilidade de adaptar a m\u00e1quina \u00e0 altura e \u00e0 biomec\u00e2nica do usu\u00e1rio garante uma execu\u00e7\u00e3o correta e confort\u00e1vel.<\/p>\n","protected":false},"excerpt":{"rendered":"<div class=\"elementor-element elementor-element-0cf5b9d elementor-widget elementor-widget-text-editor\" data-id=\"0cf5b9d\" data-element_type=\"widget\" data-widget_type=\"text-editor.default\">\n<div class=\"elementor-widget-container\">\n<p>Equipe sua academia com os produtos mais desejados do mercado fitness. Com nossos equipamentos de alta performance e durabilidade, voc\u00ea atrai mais alunos e impulsiona o crescimento do seu neg\u00f3cio.<\/p>\n<\/div>\n<\/div>\n<div class=\"elementor-element elementor-element-e8e0d8c elementor-widget elementor-widget-button\" data-id=\"e8e0d8c\" data-element_type=\"widget\" data-widget_type=\"button.default\">\n<div class=\"elementor-widget-container\">\n<div class=\"elementor-button-wrapper\"><\/div>\n<\/div>\n<\/div>\n","protected":false},"featured_media":3768,"template":"","meta":{"_jf_save_progress":""},"product_brand":[],"product_cat":[25],"product_tag":[],"class_list":{"0":"post-3122","1":"product","2":"type-product","3":"status-publish","4":"has-post-thumbnail","6":"product_cat-new-smart","8":"first","9":"instock","10":"shipping-taxable","11":"purchasable","12":"product-type-simple"},"_links":{"self":[{"href":"https:\/\/web.gsasites.com.br\/equipamentosipiranga\/wp-json\/wp\/v2\/product\/3122","targetHints":{"allow":["GET"]}}],"collection":[{"href":"https:\/\/web.gsasites.com.br\/equipamentosipiranga\/wp-json\/wp\/v2\/product"}],"about":[{"href":"https:\/\/web.gsasites.com.br\/equipamentosipiranga\/wp-json\/wp\/v2\/types\/product"}],"wp:featuredmedia":[{"embeddable":true,"href":"https:\/\/web.gsasites.com.br\/equipamentosipiranga\/wp-json\/wp\/v2\/media\/3768"}],"wp:attachment":[{"href":"https:\/\/web.gsasites.com.br\/equipamentosipiranga\/wp-json\/wp\/v2\/media?parent=3122"}],"wp:term":[{"taxonomy":"product_brand","embeddable":true,"href":"https:\/\/web.gsasites.com.br\/equipamentosipiranga\/wp-json\/wp\/v2\/product_brand?post=3122"},{"taxonomy":"product_cat","embeddable":true,"href":"https:\/\/web.gsasites.com.br\/equipamentosipiranga\/wp-json\/wp\/v2\/product_cat?post=3122"},{"taxonomy":"product_tag","embeddable":true,"href":"https:\/\/web.gsasites.com.br\/equipamentosipiranga\/wp-json\/wp\/v2\/product_tag?post=3122"}],"curies":[{"name":"wp","href":"https:\/\/api.w.org\/{rel}","templated":true}]}}