{"id":3127,"date":"2025-07-28T20:10:13","date_gmt":"2025-07-28T20:10:13","guid":{"rendered":"https:\/\/web.gsasites.com.br\/equipamentosipiranga\/?post_type=product&#038;p=3127"},"modified":"2025-10-24T22:19:17","modified_gmt":"2025-10-24T22:19:17","slug":"pro-squat","status":"publish","type":"product","link":"https:\/\/web.gsasites.com.br\/equipamentosipiranga\/produto\/pro-squat\/","title":{"rendered":"Pro Squat Rob\u00f3tico"},"content":{"rendered":"<p>Equipamento projetado para a execu\u00e7\u00e3o segura e eficiente do agachamento com peso livre Desenvolvido para estimular de forma completa a musculatura envolvida no agachamento, este equipamento minimiza riscos e perigos associados ao movimento, especialmente em atletas que enfrentam limita\u00e7\u00f5es biomec\u00e2nicas, les\u00f5es ou outras dificuldades. Apoio e estabilidade A pegada frontal simula uma safety bar, oferecendo suporte adicional e seguran\u00e7a durante o exerc\u00edcio. O apoio de cabe\u00e7a flutuante e ramificado se adapta a diferentes biotipos, permitindo que atletas de diversos tamanhos e propor\u00e7\u00f5es corporais encontrem a posi\u00e7\u00e3o biomecanicamente ideal. Esse design inteligente possibilita o posicionamento livre dos p\u00e9s, evitando a inclina\u00e7\u00e3o para frente ao tentar equilibrar a carga. Prote\u00e7\u00e3o para a coluna e joelhos Permite que os joelhos fiquem corretamente alinhados sem esfor\u00e7o excessivo.<\/p>\n<p>Reduz a tens\u00e3o na regi\u00e3o lombar, ideal para atletas com dores durante treinos intensos. Explore seus limites com seguran\u00e7a \u2014 chegue \u00e0 falha muscular sem medo. Descubra uma nova dimens\u00e3o de desempenho com nosso equipamento inteligente. O apoio de cabe\u00e7a flutuante simula a liberdade do treino com peso livre, proporcionando controle total em cada repeti\u00e7\u00e3o \u2014 a sensa\u00e7\u00e3o \u00e9 de estar no comando do seu corpo. Treine com confian\u00e7a: travas de seguran\u00e7a em m\u00faltiplos n\u00edveis protegem voc\u00ea em qualquer est\u00e1gio do movimento.<\/p>\n<p>Foque exatamente onde precisa: posi\u00e7\u00f5es de carga superior real\u00e7am gl\u00fateos e quadris, enquanto as inferiores desafiam os quadr\u00edceps com m\u00e1xima efici\u00eancia. A base antiderrapante em borracha garante estabilidade absoluta, mesmo nos treinos mais intensos. Estrutura Fabricado com tubos de a\u00e7o 80x40mm, com espessura m\u00ednima de parede de 2,75mm, garantindo robustez e durabilidade. Oferece diversas varia\u00e7\u00f5es de pegada, proporcionando ampla variedade de exerc\u00edcios. Anilheiros dispon\u00edveis nas vers\u00f5es Ol\u00edmpica ou Standard, em a\u00e7o inoxid\u00e1vel (opcionais), para maior resist\u00eancia e acabamento refinado.<\/p>\n","protected":false},"excerpt":{"rendered":"<h1>PRO SQUAT Agachamento Rob\u00f3tico Ipiranga Fitness<\/h1>\n<p>Descri\u00e7\u00e3o do produto<\/p>\n<p>\u2022 Power Squat Pro<br \/>\nO Power Squat Pro foi projetado para executar de forma segura e perfeita toda a estimula\u00e7\u00e3o muscular de um agachamento com peso livre, minimizando os perigos e riscos associados a esse movimento.<\/p>\n<p>Muitos atletas t\u00eam grandes dificuldades devido a fraquezas biomec\u00e2nicas, les\u00f5es e etc<\/p>\n<p>A pegada da m\u00e3o na parte frontal funcional como uma safety bar .<\/p>\n<p>O apoio de cabe\u00e7a flutuante ramificado permite que levantadores de todos os tamanhos e comprimentos de membros posicionem seus corpos em uma posi\u00e7\u00e3o biomecanicamente correta , permitindo qualquer pessoa se adpatar, permitindo que o atleta coloque os p\u00e9s onde for necess\u00e1rio sem o problema de cair para frente ao tentar equilibrar a carga.<\/p>\n<p>Os joelhos podem ficar em uma posi\u00e7\u00e3o biomecanicamente correta, sem esfor\u00e7o excessivo, podendo se posicionar para minimizar a tens\u00e3o na regi\u00e3o lombar, ideal para quem sente dores em treinos pesados .<\/p>\n<p>Recursos<\/p>\n<p>O apoio de cabe\u00e7a flutuante ramificado permite uma sensa\u00e7\u00e3o de peso livre<\/p>\n<p>TRAVAS DE SEGURAN\u00c7AS EM DIVERSOS N\u00cdVEIS<\/p>\n<p>Posi\u00e7\u00f5es de carga superior e inferior para treinamento de for\u00e7a ideal.<\/p>\n<p>Musculatura de quadril\/gl\u00fateos quando carregado por cima e quadr\u00edceps quando carregado por baixo.<\/p>\n<p>Sendo assim permite que voc\u00ea v\u00e1 at\u00e9 a falha com rapidez e seguran\u00e7a em v\u00e1rias posi\u00e7\u00f5es.<\/p>\n<p>A placa de p\u00e9 antiderrapante em a\u00e7o fornece um posicionamento seguro do p\u00e9.<\/p>\n<p>Estrutura &#8211; Feitos em tubos 80x40mm com estrutura de parede m\u00ednima de 2.75mm<\/p>\n<p>Diversas varia\u00e7\u00f5es de pegadas para \u00f3timas varia\u00e7\u00f5es de exerc\u00edcio<br \/>\nANILHEIROS OLIMPICOS OU STANDART em a\u00e7o inox opcionais<br \/>\nPintura \u2013 pintura eletrost\u00e1tica a p\u00f3 de alta durabilidade<br \/>\nAcabamentos \u2013 em polioretano<\/p>\n<p>MEDIDAS:<br \/>\nA 1.63MT<br \/>\nL 1.80MT<br \/>\nC 1.78MT<br \/>\n165 kg<\/p>\n","protected":false},"featured_media":3749,"template":"","meta":{"_jf_save_progress":""},"product_brand":[],"product_cat":[27],"product_tag":[],"class_list":{"0":"post-3127","1":"product","2":"type-product","3":"status-publish","4":"has-post-thumbnail","6":"product_cat-robotica-alta-performance","8":"first","9":"instock","10":"shipping-taxable","11":"purchasable","12":"product-type-simple"},"_links":{"self":[{"href":"https:\/\/web.gsasites.com.br\/equipamentosipiranga\/wp-json\/wp\/v2\/product\/3127","targetHints":{"allow":["GET"]}}],"collection":[{"href":"https:\/\/web.gsasites.com.br\/equipamentosipiranga\/wp-json\/wp\/v2\/product"}],"about":[{"href":"https:\/\/web.gsasites.com.br\/equipamentosipiranga\/wp-json\/wp\/v2\/types\/product"}],"wp:featuredmedia":[{"embeddable":true,"href":"https:\/\/web.gsasites.com.br\/equipamentosipiranga\/wp-json\/wp\/v2\/media\/3749"}],"wp:attachment":[{"href":"https:\/\/web.gsasites.com.br\/equipamentosipiranga\/wp-json\/wp\/v2\/media?parent=3127"}],"wp:term":[{"taxonomy":"product_brand","embeddable":true,"href":"https:\/\/web.gsasites.com.br\/equipamentosipiranga\/wp-json\/wp\/v2\/product_brand?post=3127"},{"taxonomy":"product_cat","embeddable":true,"href":"https:\/\/web.gsasites.com.br\/equipamentosipiranga\/wp-json\/wp\/v2\/product_cat?post=3127"},{"taxonomy":"product_tag","embeddable":true,"href":"https:\/\/web.gsasites.com.br\/equipamentosipiranga\/wp-json\/wp\/v2\/product_tag?post=3127"}],"curies":[{"name":"wp","href":"https:\/\/api.w.org\/{rel}","templated":true}]}}