{"id":3166,"date":"2025-07-28T20:25:00","date_gmt":"2025-07-28T20:25:00","guid":{"rendered":"https:\/\/web.gsasites.com.br\/equipamentosipiranga\/?post_type=product&#038;p=3166"},"modified":"2025-10-26T20:06:17","modified_gmt":"2025-10-26T20:06:17","slug":"extensora-maquina-cam","status":"publish","type":"product","link":"https:\/\/web.gsasites.com.br\/equipamentosipiranga\/produto\/extensora-maquina-cam\/","title":{"rendered":"Extensora m\u00e1quina eixo lateral"},"content":{"rendered":"<p>Cadeira Extensora \u2013 tamb\u00e9m conhecida como cadeira de extens\u00e3o de joelhos \u2013 \u00e9 um equipamento utilizado em exerc\u00edcios de muscula\u00e7\u00e3o de cadeia aberta, projetado para realizar a extens\u00e3o dos joelhos e ativar de forma isolada os m\u00fasculos do quadril e das pernas. O design inovador da nova linha IPIRANGA segue as principais tend\u00eancias internacionais, unindo est\u00e9tica robusta e elegante \u00e0 funcionalidade de alto n\u00edvel.<\/p>\n<p>Seu sistema de regulagens oferece praticidade e tecnologia, proporcionando uma experi\u00eancia vers\u00e1til, com biomec\u00e2nica impec\u00e1vel e conforto superior. Destaque para sua estrutura refor\u00e7ada, com carenagem 100 em a\u00e7o, cortado a laser com acabamento de alto padr\u00e3o.<\/p>\n<p>Cada detalhe foi pensado para garantir durabilidade extrema e refletir o DNA da IPIRANGA, presente desde a sua funda\u00e7\u00e3o em 1969. Outro diferencial \u00e9 a CAM lateral, que adiciona ainda mais sofistica\u00e7\u00e3o e efici\u00eancia ao equipamento.<\/p>\n","protected":false},"excerpt":{"rendered":"<p>Cadeira Extensora \u2013 tamb\u00e9m conhecida como cadeira de extens\u00e3o de joelhos \u2013 \u00e9 um equipamento utilizado em exerc\u00edcios de muscula\u00e7\u00e3o de cadeia aberta, projetado para realizar a extens\u00e3o dos joelhos e ativar de forma isolada os m\u00fasculos do quadril e das pernas. O design inovador da nova linha IPIRANGA segue as principais tend\u00eancias internacionais, unindo [&hellip;]<\/p>\n","protected":false},"featured_media":3736,"template":"","meta":{"_jf_save_progress":""},"product_brand":[],"product_cat":[25],"product_tag":[],"class_list":{"0":"post-3166","1":"product","2":"type-product","3":"status-publish","4":"has-post-thumbnail","6":"product_cat-new-smart","8":"first","9":"instock","10":"shipping-taxable","11":"purchasable","12":"product-type-simple"},"_links":{"self":[{"href":"https:\/\/web.gsasites.com.br\/equipamentosipiranga\/wp-json\/wp\/v2\/product\/3166","targetHints":{"allow":["GET"]}}],"collection":[{"href":"https:\/\/web.gsasites.com.br\/equipamentosipiranga\/wp-json\/wp\/v2\/product"}],"about":[{"href":"https:\/\/web.gsasites.com.br\/equipamentosipiranga\/wp-json\/wp\/v2\/types\/product"}],"wp:featuredmedia":[{"embeddable":true,"href":"https:\/\/web.gsasites.com.br\/equipamentosipiranga\/wp-json\/wp\/v2\/media\/3736"}],"wp:attachment":[{"href":"https:\/\/web.gsasites.com.br\/equipamentosipiranga\/wp-json\/wp\/v2\/media?parent=3166"}],"wp:term":[{"taxonomy":"product_brand","embeddable":true,"href":"https:\/\/web.gsasites.com.br\/equipamentosipiranga\/wp-json\/wp\/v2\/product_brand?post=3166"},{"taxonomy":"product_cat","embeddable":true,"href":"https:\/\/web.gsasites.com.br\/equipamentosipiranga\/wp-json\/wp\/v2\/product_cat?post=3166"},{"taxonomy":"product_tag","embeddable":true,"href":"https:\/\/web.gsasites.com.br\/equipamentosipiranga\/wp-json\/wp\/v2\/product_tag?post=3166"}],"curies":[{"name":"wp","href":"https:\/\/api.w.org\/{rel}","templated":true}]}}