{"id":327,"date":"2025-01-27T19:56:23","date_gmt":"2025-01-27T19:56:23","guid":{"rendered":"https:\/\/web.gsasites.com.br\/equipamentosipiranga\/produto\/agachamento-livre-curvado\/"},"modified":"2025-10-24T22:19:10","modified_gmt":"2025-10-24T22:19:10","slug":"agachamento-livre-curvado","status":"publish","type":"product","link":"https:\/\/web.gsasites.com.br\/equipamentosipiranga\/produto\/agachamento-livre-curvado\/","title":{"rendered":"Agachamento livre curvado"},"content":{"rendered":"<p>Equipamentos Cl\u00e1ssicos de Muscula\u00e7\u00e3o \u2013 Qualidade e Efici\u00eancia em uma Linha Completa Desenvolvidos para oferecer seguran\u00e7a, durabilidade e resultados reais, os equipamentos da nossa linha cl\u00e1ssica s\u00e3o ideais para quem busca treinos intensos com total confian\u00e7a e desempenho. Caracter\u00edsticas T\u00e9cnicas: Estrutura: Tubos robustos de 80x40mm com espessura m\u00ednima de 3,25mm \u2013 m\u00e1xima estabilidade e resist\u00eancia. Pintura: Acabamento em pintura eletrost\u00e1tica a p\u00f3, com alta durabilidade e prote\u00e7\u00e3o contra corros\u00e3o. Acabamentos: Detalhes em poliuretano, unindo est\u00e9tica e resist\u00eancia ao uso intenso. Agachamento Livre \u2013 Pot\u00eancia Total com Seguran\u00e7a Considerado um dos exerc\u00edcios mais completos do treinamento de for\u00e7a, o agachamento livre oferece resultados excepcionais.<\/p>\n<p>Com o nosso equipamento, voc\u00ea executa o movimento com total seguran\u00e7a, conforto e efici\u00eancia. Diferenciais do Equipamento: Travas de altura em m\u00faltiplos n\u00edveis, adaptando-se ao usu\u00e1rio e ao exerc\u00edcio com seguran\u00e7a. Trava de seguran\u00e7a adicional, prevenindo acidentes durante o treino. Apoio extra para barra, ideal tamb\u00e9m para exerc\u00edcios como levantamento terra e stiff. Benef\u00edcios do Agachamento Livre: Queima de gordura \u2013 Aumenta o gasto cal\u00f3rico, auxiliando na defini\u00e7\u00e3o muscular.<\/p>\n<p>Ganho de for\u00e7a e massa muscular \u2013 Trabalha pernas, gl\u00fateos, abd\u00f4men e membros superiores de forma integrada. Melhora do equil\u00edbrio e mobilidade \u2013 Fortalece m\u00fasculos estabilizadores e desenvolve coordena\u00e7\u00e3o motora. Aumento do desempenho esportivo \u2013 Potencializa for\u00e7a explosiva, velocidade e resist\u00eancia. Tonifica\u00e7\u00e3o muscular \u2013 Gl\u00fateos, pernas e core mais firmes e definidos. O agachamento livre \u00e9 essencial em qualquer programa de treino \u2014 e com o equipamento certo, os resultados s\u00e3o ainda maiores!<\/p>\n","protected":false},"excerpt":{"rendered":"<p>Equipamentos Cl\u00e1ssicos de Muscula\u00e7\u00e3o \u2013 Qualidade e Efici\u00eancia em uma Linha Completa Desenvolvidos para oferecer seguran\u00e7a, durabilidade e resultados reais, os equipamentos da nossa linha cl\u00e1ssica s\u00e3o ideais para quem busca treinos intensos com total confian\u00e7a e desempenho. Caracter\u00edsticas T\u00e9cnicas: Estrutura: Tubos robustos de 80x40mm com espessura m\u00ednima de 3,25mm \u2013 m\u00e1xima estabilidade e resist\u00eancia. [&hellip;]<\/p>\n","protected":false},"featured_media":3822,"template":"","meta":{"_jf_save_progress":""},"product_brand":[],"product_cat":[26],"product_tag":[],"class_list":{"0":"post-327","1":"product","2":"type-product","3":"status-publish","4":"has-post-thumbnail","6":"product_cat-peso-livre","8":"first","9":"instock","10":"purchasable","11":"product-type-simple"},"_links":{"self":[{"href":"https:\/\/web.gsasites.com.br\/equipamentosipiranga\/wp-json\/wp\/v2\/product\/327","targetHints":{"allow":["GET"]}}],"collection":[{"href":"https:\/\/web.gsasites.com.br\/equipamentosipiranga\/wp-json\/wp\/v2\/product"}],"about":[{"href":"https:\/\/web.gsasites.com.br\/equipamentosipiranga\/wp-json\/wp\/v2\/types\/product"}],"wp:featuredmedia":[{"embeddable":true,"href":"https:\/\/web.gsasites.com.br\/equipamentosipiranga\/wp-json\/wp\/v2\/media\/3822"}],"wp:attachment":[{"href":"https:\/\/web.gsasites.com.br\/equipamentosipiranga\/wp-json\/wp\/v2\/media?parent=327"}],"wp:term":[{"taxonomy":"product_brand","embeddable":true,"href":"https:\/\/web.gsasites.com.br\/equipamentosipiranga\/wp-json\/wp\/v2\/product_brand?post=327"},{"taxonomy":"product_cat","embeddable":true,"href":"https:\/\/web.gsasites.com.br\/equipamentosipiranga\/wp-json\/wp\/v2\/product_cat?post=327"},{"taxonomy":"product_tag","embeddable":true,"href":"https:\/\/web.gsasites.com.br\/equipamentosipiranga\/wp-json\/wp\/v2\/product_tag?post=327"}],"curies":[{"name":"wp","href":"https:\/\/api.w.org\/{rel}","templated":true}]}}