{"id":340,"date":"2025-01-27T19:56:25","date_gmt":"2025-01-27T19:56:25","guid":{"rendered":"https:\/\/web.gsasites.com.br\/equipamentosipiranga\/produto\/abdominal-crunch-plate-loaded-abs-oblique-crunch\/"},"modified":"2025-10-24T22:19:11","modified_gmt":"2025-10-24T22:19:11","slug":"abdominal-crunch-plate-loaded-abs-oblique-crunch","status":"publish","type":"product","link":"https:\/\/web.gsasites.com.br\/equipamentosipiranga\/produto\/abdominal-crunch-plate-loaded-abs-oblique-crunch\/","title":{"rendered":"Abdominal Crunch"},"content":{"rendered":"<p>Plate Loaded Abs Oblique Crunch A m\u00e1quina de abdominal rob\u00f3tica trabalha todo o abd\u00f4men utilizando dois movimentos : 1\u00ba os membros superiores do usu\u00e1rio movendo-se para baixo 2\u00ba os membros inferiores movendo-se para cima. Com banco ajust\u00e1vel em 3 posi\u00e7\u00f5es para diversas variantes do exerc\u00edcio, podendo enfatizar o Abdominal Obl\u00edquo que \u00e9 uma varia\u00e7\u00e3o das tradicionais abdominais indicado para alunos iniciantes ou avan\u00e7ados.<\/p>\n<p>Estrutura : Fabricados em tubula\u00e7\u00e3o Industrial SAE1020 Retangular com dimens\u00f5es externas de 80 mm (largura) por 40 mm (altura) com estrutura de parede m\u00ednima de 3,00mm Para refor\u00e7os localizados, bases estruturais, Eixos, flanges, placas de apoio e elementos de travamento, utilizamos chapas planas de a\u00e7o carbono SAE 1020, com espessuras variando entre 6,00 mm a 12,00 mm, conforme projeto estrutural e an\u00e1lise de cargas. Anilheiros STOPS : OLIMPICOS OU STANDART em a\u00e7o inoxid\u00e1vel opcionais Pintura : Pintura eletrost\u00e1tica a P\u00f3 Premium de alta Durabilidade Acabamentos : Revestimento de Acabamento em Poliuretano (PU) Shore A 60\u201395 com Cor predominante RAL 9005 \u2013 Preto Intenso (Jet Black), para aplica\u00e7\u00f5es como isolante, amortecedor, antideslizante ou resistente a impacto.<\/p>\n<p>Guias em A\u00e7o inoxid\u00e1vel com Tubula\u00e7\u00e3o AISI304 Polido Externo Linear Deslizante. Diversas varia\u00e7\u00f5es de pegadas para \u00f3timas varia\u00e7\u00f5es de exerc\u00edcio do Abdomen<\/p>\n","protected":false},"excerpt":{"rendered":"<p>O Abdominal Crunch (tamb\u00e9m chamado apenas de &#8220;crunch abdominal&#8221; \u00e9 um exerc\u00edcio cl\u00e1ssico para o fortalecimento da musculatura abdominal, especialmente o reto abdominal e varia\u00e7\u00f5es.<\/p>\n","protected":false},"featured_media":3824,"template":"","meta":{"_jf_save_progress":""},"product_brand":[],"product_cat":[27],"product_tag":[],"class_list":{"0":"post-340","1":"product","2":"type-product","3":"status-publish","4":"has-post-thumbnail","6":"product_cat-robotica-alta-performance","8":"first","9":"instock","10":"purchasable","11":"product-type-simple"},"_links":{"self":[{"href":"https:\/\/web.gsasites.com.br\/equipamentosipiranga\/wp-json\/wp\/v2\/product\/340","targetHints":{"allow":["GET"]}}],"collection":[{"href":"https:\/\/web.gsasites.com.br\/equipamentosipiranga\/wp-json\/wp\/v2\/product"}],"about":[{"href":"https:\/\/web.gsasites.com.br\/equipamentosipiranga\/wp-json\/wp\/v2\/types\/product"}],"wp:featuredmedia":[{"embeddable":true,"href":"https:\/\/web.gsasites.com.br\/equipamentosipiranga\/wp-json\/wp\/v2\/media\/3824"}],"wp:attachment":[{"href":"https:\/\/web.gsasites.com.br\/equipamentosipiranga\/wp-json\/wp\/v2\/media?parent=340"}],"wp:term":[{"taxonomy":"product_brand","embeddable":true,"href":"https:\/\/web.gsasites.com.br\/equipamentosipiranga\/wp-json\/wp\/v2\/product_brand?post=340"},{"taxonomy":"product_cat","embeddable":true,"href":"https:\/\/web.gsasites.com.br\/equipamentosipiranga\/wp-json\/wp\/v2\/product_cat?post=340"},{"taxonomy":"product_tag","embeddable":true,"href":"https:\/\/web.gsasites.com.br\/equipamentosipiranga\/wp-json\/wp\/v2\/product_tag?post=340"}],"curies":[{"name":"wp","href":"https:\/\/api.w.org\/{rel}","templated":true}]}}