{"id":356,"date":"2025-01-27T19:56:25","date_gmt":"2025-01-27T19:56:25","guid":{"rendered":"https:\/\/web.gsasites.com.br\/equipamentosipiranga\/produto\/glute-drive-elevacao-pelvica-pro-robotica\/"},"modified":"2025-10-27T16:20:10","modified_gmt":"2025-10-27T16:20:10","slug":"glute-drive-elevacao-pelvica-pro-robotica","status":"publish","type":"product","link":"https:\/\/web.gsasites.com.br\/equipamentosipiranga\/produto\/glute-drive-elevacao-pelvica-pro-robotica\/","title":{"rendered":"Eleva\u00e7\u00e3o P\u00e9lvica Plate-Loaded Glute Drive"},"content":{"rendered":"<p>Benef\u00edcios da Eleva\u00e7\u00e3o P\u00e9lvica na M\u00e1quina Ipiranga A MELHOR P\u00c9LVICA DO MUNDO A eleva\u00e7\u00e3o p\u00e9lvica realizada na m\u00e1quina Ipiranga oferece uma s\u00e9rie de benef\u00edcios, especialmente para quem deseja tonificar e fortalecer os gl\u00fateos com seguran\u00e7a e efici\u00eancia: A Eleva\u00e7\u00e3o P\u00e9lvica IPIRANGA \u00e9 a escolha dos maiores centros de treinamento de alta performance do Brasil \u2014 presente em nomes de peso como IRONBERG, MUSCLEWORLD, CT DARKHOUSE, Academia da Sociedade Esportiva PALMEIRAS, entre outros. Confian\u00e7a e resultados onde os melhores treinam Novidade da Ipiranga Fitness O novo lan\u00e7amento da Ipiranga Fitness foi desenvolvido para oferecer o m\u00e1ximo em seguran\u00e7a, conforto e desempenho. Com esse equipamento, voc\u00ea poder\u00e1 potencializar seus treinos e alcan\u00e7ar resultados excepcionais com mais qualidade e prote\u00e7\u00e3o. Benef\u00edcios da Eleva\u00e7\u00e3o P\u00e9lvica A eleva\u00e7\u00e3o p\u00e9lvica \u00e9 um exerc\u00edcio altamente eficaz para o fortalecimento dos gl\u00fateos \u2014 tanto o gl\u00fateo m\u00e1ximo quanto o gl\u00fateo m\u00e9dio \u2014 al\u00e9m de ativar os isquiotibiais, quadr\u00edceps, m\u00fasculos do core e adutores do quadril.<\/p>\n<p>Esse movimento contribui para a melhora do desempenho f\u00edsico, da estabilidade e da est\u00e9tica corporal. Fortalecimento dos gl\u00fateos A m\u00e1quina permite o uso de cargas mais elevadas, favorecendo maior sobrecarga nos m\u00fasculos e acelerando o desenvolvimento de for\u00e7a e hipertrofia da regi\u00e3o gl\u00fatea. Estabilidade e seguran\u00e7a na execu\u00e7\u00e3o O equipamento proporciona maior controle durante o movimento, permitindo foco total na contra\u00e7\u00e3o muscular. Isso \u00e9 ideal para quem busca resultados mais expressivos com menor risco de les\u00e3o.<\/p>\n<p>Diversidade de est\u00edmulos A altern\u00e2ncia entre a m\u00e1quina e a execu\u00e7\u00e3o com barra livre amplia os est\u00edmulos musculares, contribuindo para um desenvolvimento mais completo e evitando a estagna\u00e7\u00e3o dos resultados. Tecnologia de ponta para performance muscular precisa Os equipamentos rob\u00f3ticos da IPIRANGA FITNESS foram desenvolvidos com base em avan\u00e7ados estudos da biomec\u00e2nica do movimento, aliando robustez, resist\u00eancia e inova\u00e7\u00e3o. Seus bra\u00e7os articulados para anilhas permitem movimentos divergentes e convergentes de forma independente, proporcionando equil\u00edbrio no est\u00edmulo muscular e maior precis\u00e3o no resultado dos exerc\u00edcios. Experi\u00eancia exclusiva de treino Essa tecnologia oferece um padr\u00e3o de movimento \u00fanico, possibilitando varia\u00e7\u00f5es de treino que n\u00e3o s\u00e3o encontradas em m\u00e1quinas tradicionais \u2014 elevando o potencial de personaliza\u00e7\u00e3o e efici\u00eancia do treinamento.<\/p>\n","protected":false},"excerpt":{"rendered":"<p>O mais vendido GLUTE DRIVE e com certeza o mais Robusto do Brasil<\/p>\n","protected":false},"featured_media":3813,"template":"","meta":{"_jf_save_progress":""},"product_brand":[],"product_cat":[27],"product_tag":[],"class_list":{"0":"post-356","1":"product","2":"type-product","3":"status-publish","4":"has-post-thumbnail","6":"product_cat-robotica-alta-performance","8":"first","9":"instock","10":"featured","11":"purchasable","12":"product-type-simple"},"_links":{"self":[{"href":"https:\/\/web.gsasites.com.br\/equipamentosipiranga\/wp-json\/wp\/v2\/product\/356","targetHints":{"allow":["GET"]}}],"collection":[{"href":"https:\/\/web.gsasites.com.br\/equipamentosipiranga\/wp-json\/wp\/v2\/product"}],"about":[{"href":"https:\/\/web.gsasites.com.br\/equipamentosipiranga\/wp-json\/wp\/v2\/types\/product"}],"wp:featuredmedia":[{"embeddable":true,"href":"https:\/\/web.gsasites.com.br\/equipamentosipiranga\/wp-json\/wp\/v2\/media\/3813"}],"wp:attachment":[{"href":"https:\/\/web.gsasites.com.br\/equipamentosipiranga\/wp-json\/wp\/v2\/media?parent=356"}],"wp:term":[{"taxonomy":"product_brand","embeddable":true,"href":"https:\/\/web.gsasites.com.br\/equipamentosipiranga\/wp-json\/wp\/v2\/product_brand?post=356"},{"taxonomy":"product_cat","embeddable":true,"href":"https:\/\/web.gsasites.com.br\/equipamentosipiranga\/wp-json\/wp\/v2\/product_cat?post=356"},{"taxonomy":"product_tag","embeddable":true,"href":"https:\/\/web.gsasites.com.br\/equipamentosipiranga\/wp-json\/wp\/v2\/product_tag?post=356"}],"curies":[{"name":"wp","href":"https:\/\/api.w.org\/{rel}","templated":true}]}}