{"id":357,"date":"2025-01-27T19:56:25","date_gmt":"2025-01-27T19:56:25","guid":{"rendered":"https:\/\/web.gsasites.com.br\/equipamentosipiranga\/produto\/pendulum-reverse-glute-ham\/"},"modified":"2025-10-27T16:22:35","modified_gmt":"2025-10-27T16:22:35","slug":"pendulum-reverse-glute-ham","status":"publish","type":"product","link":"https:\/\/web.gsasites.com.br\/equipamentosipiranga\/produto\/pendulum-reverse-glute-ham\/","title":{"rendered":"GL\u00daTEO REVERSO PENDULAR Pendulum Reverse"},"content":{"rendered":"<p>Benef\u00edcios do Gl\u00fateo Reverso Pendular O gl\u00fateo reverso pendular \u00e9 um exerc\u00edcio funcional que oferece m\u00faltiplos benef\u00edcios. Al\u00e9m de tonificar os m\u00fasculos dos gl\u00fateos, ele ativa intensamente o core, contribuindo para a melhora da estabilidade corporal, da postura e da coordena\u00e7\u00e3o motora. Adapt\u00e1vel a diferentes n\u00edveis de condicionamento f\u00edsico, esse movimento \u00e9 uma excelente op\u00e7\u00e3o tanto para iniciantes quanto para praticantes avan\u00e7ados.<\/p>\n<p>Sua execu\u00e7\u00e3o cuidadosa torna o exerc\u00edcio seguro para a maioria das pessoas, embora seja recomendada aten\u00e7\u00e3o especial \u00e0queles que possuem limita\u00e7\u00f5es nos joelhos ou quadris. Treinar pernas \u00e9 essencial para alcan\u00e7ar o desempenho atl\u00e9tico ideal. Em situa\u00e7\u00f5es de les\u00e3o nos p\u00e9s, tornozelos, ombros ou costas, as op\u00e7\u00f5es de treino podem se tornar bastante limitadas.<\/p>\n<p>\u00c9 nesse cen\u00e1rio que entra o equipamento perfeito: a m\u00e1quina de gl\u00fateo reverso. Projetada para proporcionar um trabalho completo dos m\u00fasculos posteriores e dos gl\u00fateos, essa m\u00e1quina oferece uma ativa\u00e7\u00e3o muscular diferenciada, ideal para quem busca resultados consistentes mesmo em treinos de alta intensidade. Simplesmente incr\u00edvel \u2014 pot\u00eancia, seguran\u00e7a e efici\u00eancia em um s\u00f3 equipamento.<\/p>\n","protected":false},"excerpt":{"rendered":"<p>Para alcan\u00e7ar resultados de categoria no esporte, \u00e9 essencial um treinamento focado nos gl\u00fateos , isquiotibiais e na regi\u00e3o do quadril . O Pendulum Reverse Glute &#8211; Ham foi projetado para atender a essa necessidade, permitindo que voc\u00ea isole os gl\u00fateos ou isquiotibiais de forma eficaz ou treine ambos simultaneamente para um desempenho completo.<\/p>\n","protected":false},"featured_media":3826,"template":"","meta":{"_jf_save_progress":""},"product_brand":[],"product_cat":[26],"product_tag":[],"class_list":{"0":"post-357","1":"product","2":"type-product","3":"status-publish","4":"has-post-thumbnail","6":"product_cat-peso-livre","8":"first","9":"instock","10":"featured","11":"purchasable","12":"product-type-simple"},"_links":{"self":[{"href":"https:\/\/web.gsasites.com.br\/equipamentosipiranga\/wp-json\/wp\/v2\/product\/357","targetHints":{"allow":["GET"]}}],"collection":[{"href":"https:\/\/web.gsasites.com.br\/equipamentosipiranga\/wp-json\/wp\/v2\/product"}],"about":[{"href":"https:\/\/web.gsasites.com.br\/equipamentosipiranga\/wp-json\/wp\/v2\/types\/product"}],"wp:featuredmedia":[{"embeddable":true,"href":"https:\/\/web.gsasites.com.br\/equipamentosipiranga\/wp-json\/wp\/v2\/media\/3826"}],"wp:attachment":[{"href":"https:\/\/web.gsasites.com.br\/equipamentosipiranga\/wp-json\/wp\/v2\/media?parent=357"}],"wp:term":[{"taxonomy":"product_brand","embeddable":true,"href":"https:\/\/web.gsasites.com.br\/equipamentosipiranga\/wp-json\/wp\/v2\/product_brand?post=357"},{"taxonomy":"product_cat","embeddable":true,"href":"https:\/\/web.gsasites.com.br\/equipamentosipiranga\/wp-json\/wp\/v2\/product_cat?post=357"},{"taxonomy":"product_tag","embeddable":true,"href":"https:\/\/web.gsasites.com.br\/equipamentosipiranga\/wp-json\/wp\/v2\/product_tag?post=357"}],"curies":[{"name":"wp","href":"https:\/\/api.w.org\/{rel}","templated":true}]}}