{"id":367,"date":"2025-01-27T19:56:26","date_gmt":"2025-01-27T19:56:26","guid":{"rendered":"https:\/\/web.gsasites.com.br\/equipamentosipiranga\/produto\/leg-press-45o-linear-press-ham\/"},"modified":"2025-10-27T16:20:50","modified_gmt":"2025-10-27T16:20:50","slug":"leg-press-45o-linear-press-ham","status":"publish","type":"product","link":"https:\/\/web.gsasites.com.br\/equipamentosipiranga\/produto\/leg-press-45o-linear-press-ham\/","title":{"rendered":"Leg Press 45\u00ba linear HAM"},"content":{"rendered":"<p>Benef\u00edcios do Leg Press 45 O leg press 45 \u00e9 um exerc\u00edcio poderoso e vers\u00e1til, que oferece uma s\u00e9rie de vantagens para quem busca fortalecer as pernas com seguran\u00e7a e efici\u00eancia: Ativa\u00e7\u00e3o muscular intensa: Trabalha profundamente os quadr\u00edceps, gl\u00fateos e isquiotibiais, com \u00eanfase especial durante a fase de empurrar o peso. Maior seguran\u00e7a: A posi\u00e7\u00e3o estabilizada do corpo minimiza o risco de sobrecarga na coluna vertebral, tornando o exerc\u00edcio mais seguro. Efici\u00eancia na carga: Permite treinar com cargas mais altas do que os agachamentos tradicionais, sem comprometer a integridade da coluna. Variedade de est\u00edmulos: A plataforma ajust\u00e1vel oferece diferentes \u00e2ngulos, proporcionando maior amplitude de movimento e recrutamento muscular.<\/p>\n<p>Acess\u00edvel e adapt\u00e1vel: Excelente op\u00e7\u00e3o para iniciantes e para quem apresenta limita\u00e7\u00f5es ao realizar agachamentos convencionais. Com todos esses benef\u00edcios, o leg press 45 se destaca como uma ferramenta eficaz para o desenvolvimento muscular das pernas e o aumento da resist\u00eancia f\u00edsica. nbsp; Estrutura e Componentes T\u00e9cnicos Confeccionado em tubos de a\u00e7o 80x40mm, com espessura m\u00ednima de parede de 2,75mm, garantindo alta resist\u00eancia e durabilidade. Anilheiros em maior quantidade e tamanho superior aos modelos tradicionais, oferecendo versatilidade no armazenamento.<\/p>\n<p>Carrinho refor\u00e7ado com plataforma de borracha antiderrapante, proporcionando maior estabilidade durante o uso. Sistema de regulagem de encosto com ajuste r\u00e1pido e intuitivo, facilitando a adapta\u00e7\u00e3o ao usu\u00e1rio. Equipado com duas travas para ajuste preciso da altura, permitindo adequa\u00e7\u00e3o perfeita para diferentes biotipos. Op\u00e7\u00e3o de anilheiros OL\u00cdMPICOS ou STANDARD em a\u00e7o inoxid\u00e1vel, conforme prefer\u00eancia do cliente.<\/p>\n","protected":false},"excerpt":{"rendered":"<p>Benef\u00edcios do Leg Press 45 O leg press 45 \u00e9 um exerc\u00edcio poderoso e vers\u00e1til, que oferece uma s\u00e9rie de vantagens para quem busca fortalecer as pernas com seguran\u00e7a e efici\u00eancia: Ativa\u00e7\u00e3o muscular intensa: Trabalha profundamente os quadr\u00edceps, gl\u00fateos e isquiotibiais, com \u00eanfase especial durante a fase de empurrar o peso. Maior seguran\u00e7a: A posi\u00e7\u00e3o [&hellip;]<\/p>\n","protected":false},"featured_media":3744,"template":"","meta":{"_jf_save_progress":""},"product_brand":[],"product_cat":[27],"product_tag":[],"class_list":{"0":"post-367","1":"product","2":"type-product","3":"status-publish","4":"has-post-thumbnail","6":"product_cat-robotica-alta-performance","8":"first","9":"instock","10":"featured","11":"purchasable","12":"product-type-simple"},"_links":{"self":[{"href":"https:\/\/web.gsasites.com.br\/equipamentosipiranga\/wp-json\/wp\/v2\/product\/367","targetHints":{"allow":["GET"]}}],"collection":[{"href":"https:\/\/web.gsasites.com.br\/equipamentosipiranga\/wp-json\/wp\/v2\/product"}],"about":[{"href":"https:\/\/web.gsasites.com.br\/equipamentosipiranga\/wp-json\/wp\/v2\/types\/product"}],"wp:featuredmedia":[{"embeddable":true,"href":"https:\/\/web.gsasites.com.br\/equipamentosipiranga\/wp-json\/wp\/v2\/media\/3744"}],"wp:attachment":[{"href":"https:\/\/web.gsasites.com.br\/equipamentosipiranga\/wp-json\/wp\/v2\/media?parent=367"}],"wp:term":[{"taxonomy":"product_brand","embeddable":true,"href":"https:\/\/web.gsasites.com.br\/equipamentosipiranga\/wp-json\/wp\/v2\/product_brand?post=367"},{"taxonomy":"product_cat","embeddable":true,"href":"https:\/\/web.gsasites.com.br\/equipamentosipiranga\/wp-json\/wp\/v2\/product_cat?post=367"},{"taxonomy":"product_tag","embeddable":true,"href":"https:\/\/web.gsasites.com.br\/equipamentosipiranga\/wp-json\/wp\/v2\/product_tag?post=367"}],"curies":[{"name":"wp","href":"https:\/\/api.w.org\/{rel}","templated":true}]}}