{"id":380,"date":"2025-01-27T19:56:28","date_gmt":"2025-01-27T19:56:28","guid":{"rendered":"https:\/\/web.gsasites.com.br\/equipamentosipiranga\/produto\/remada-inclinada-curvada-extreme-row\/"},"modified":"2025-10-24T22:19:13","modified_gmt":"2025-10-24T22:19:13","slug":"remada-inclinada-curvada-extreme-row","status":"publish","type":"product","link":"https:\/\/web.gsasites.com.br\/equipamentosipiranga\/produto\/remada-inclinada-curvada-extreme-row\/","title":{"rendered":"Remada inclinada curvada extreme row"},"content":{"rendered":"<p>Transforme sua academia com tecnologia de ponta: Apresentamos um dos equipamentos mais inovadores da linha rob\u00f3tica IPIRANGA \u2014 projetado para oferecer biomec\u00e2nica precisa, conforto articular superior e amplitude total de movimento.<\/p>\n<p>Ideal para treinos de costas, esse equipamento proporciona ativa\u00e7\u00e3o completa do lat\u00edssimo do dorso, garantindo resultados intensos e eficazes.<\/p>\n<p>Com estrutura robusta e durabilidade excepcional, ele representa um novo patamar em performance e resist\u00eancia, elevando o padr\u00e3o da sua academia.<\/p>\n","protected":false},"excerpt":{"rendered":"<p>Transforme sua academia com tecnologia de ponta: Apresentamos um dos equipamentos mais inovadores da linha rob\u00f3tica IPIRANGA \u2014 projetado para oferecer biomec\u00e2nica precisa, conforto articular superior e amplitude total de movimento. Ideal para treinos de costas, esse equipamento proporciona ativa\u00e7\u00e3o completa do lat\u00edssimo do dorso, garantindo resultados intensos e eficazes. Com estrutura robusta e durabilidade [&hellip;]<\/p>\n","protected":false},"featured_media":3754,"template":"","meta":{"_jf_save_progress":""},"product_brand":[],"product_cat":[27],"product_tag":[],"class_list":{"0":"post-380","1":"product","2":"type-product","3":"status-publish","4":"has-post-thumbnail","6":"product_cat-robotica-alta-performance","8":"first","9":"instock","10":"purchasable","11":"product-type-simple"},"_links":{"self":[{"href":"https:\/\/web.gsasites.com.br\/equipamentosipiranga\/wp-json\/wp\/v2\/product\/380","targetHints":{"allow":["GET"]}}],"collection":[{"href":"https:\/\/web.gsasites.com.br\/equipamentosipiranga\/wp-json\/wp\/v2\/product"}],"about":[{"href":"https:\/\/web.gsasites.com.br\/equipamentosipiranga\/wp-json\/wp\/v2\/types\/product"}],"wp:featuredmedia":[{"embeddable":true,"href":"https:\/\/web.gsasites.com.br\/equipamentosipiranga\/wp-json\/wp\/v2\/media\/3754"}],"wp:attachment":[{"href":"https:\/\/web.gsasites.com.br\/equipamentosipiranga\/wp-json\/wp\/v2\/media?parent=380"}],"wp:term":[{"taxonomy":"product_brand","embeddable":true,"href":"https:\/\/web.gsasites.com.br\/equipamentosipiranga\/wp-json\/wp\/v2\/product_brand?post=380"},{"taxonomy":"product_cat","embeddable":true,"href":"https:\/\/web.gsasites.com.br\/equipamentosipiranga\/wp-json\/wp\/v2\/product_cat?post=380"},{"taxonomy":"product_tag","embeddable":true,"href":"https:\/\/web.gsasites.com.br\/equipamentosipiranga\/wp-json\/wp\/v2\/product_tag?post=380"}],"curies":[{"name":"wp","href":"https:\/\/api.w.org\/{rel}","templated":true}]}}