{"id":384,"date":"2025-01-27T19:56:28","date_gmt":"2025-01-27T19:56:28","guid":{"rendered":"https:\/\/web.gsasites.com.br\/equipamentosipiranga\/produto\/panturrilha-com-tibial-seated-calf-tibial-raise\/"},"modified":"2025-10-24T22:19:14","modified_gmt":"2025-10-24T22:19:14","slug":"panturrilha-com-tibial-seated-calf-tibial-raise","status":"publish","type":"product","link":"https:\/\/web.gsasites.com.br\/equipamentosipiranga\/produto\/panturrilha-com-tibial-seated-calf-tibial-raise\/","title":{"rendered":"Panturrilha com tibial seated calf tibial raise BY FERNANDO SARDINHA"},"content":{"rendered":"<p>ESSA M\u00c1QUINA FOI DESENVOLVIDA EM PARCERIA COM Fernando Sardinha, que \u00e9 um fisiculturista profissional, instrutor e empres\u00e1rio brasileiro, com uma das carreiras mais longevas no cen\u00e1rio do fisiculturismo brasileiro M\u00c1QUINA EXCLUSIVA IPIRANGA ONDE TRABALHAMOS PANTURRILHAS E TIBIAIS NA MESMA M\u00c1QUINA G\u00eameos na M\u00e1quina (Eleva\u00e7\u00e3o de Panturrilha na M\u00e1quina) \u00e9 o exerc\u00edcio ideal para quem quer conquistar panturrilhas fortes, definidas e com visual impressionante. Focado nos m\u00fasculos gastrocn\u00eamio e s\u00f3leo, ele \u00e9 perfeito para quem busca real\u00e7ar a est\u00e9tica das pernas e, ao mesmo tempo, melhorar a performance nos treinos e a sa\u00fade dos membros inferiores. O treino de panturrilhas \u00e9 frequentemente negligenciado, mas \u00e9 vital para o equil\u00edbrio muscular das pernas.<\/p>\n<p>M\u00fasculos das panturrilhas bem desenvolvidos ajudam a estabilizar o tornozelo e a melhorar a postura durante os exerc\u00edcios. Al\u00e9m disso, o fortalecimento dessa regi\u00e3o pode contribuir para um desempenho mais eficaz em atividades como corrida e saltos, onde a explos\u00e3o e a pot\u00eancia s\u00e3o necess\u00e1rias. nbsp; Tibial m\u00e1quina para alguns esportes, como a corrida, por exemplo, ele \u00e9 fundamental.<\/p>\n<p>Tanto \u00e9 que uma das les\u00f5es mais comuns em corredores, acontece justamente neste m\u00fasculo. \u00c9 a famosa canelite (S\u00edndrome do Estresse Tibial Medial), Al\u00e9m de melhorar a din\u00e2mica da corrida Ele \u00e9 composto, em sua grande maioria, por fibras do tipo I, as fibras oxidativas. Neste sentido, elas apresentam muito mais resist\u00eancia e menor capacidade explosiva.<\/p>\n","protected":false},"excerpt":{"rendered":"<p>ESSA M\u00c1QUINA FOI DESENVOLVIDA EM PARCERIA COM Fernando Sardinha, que \u00e9 um fisiculturista profissional, instrutor e empres\u00e1rio brasileiro, com uma das carreiras mais longevas no cen\u00e1rio do fisiculturismo brasileiro M\u00c1QUINA EXCLUSIVA IPIRANGA ONDE TRABALHAMOS PANTURRILHAS E TIBIAIS NA MESMA M\u00c1QUINA G\u00eameos na M\u00e1quina (Eleva\u00e7\u00e3o de Panturrilha na M\u00e1quina) \u00e9 o exerc\u00edcio ideal para quem quer [&hellip;]<\/p>\n","protected":false},"featured_media":3763,"template":"","meta":{"_jf_save_progress":""},"product_brand":[],"product_cat":[27],"product_tag":[],"class_list":{"0":"post-384","1":"product","2":"type-product","3":"status-publish","4":"has-post-thumbnail","6":"product_cat-robotica-alta-performance","8":"first","9":"instock","10":"purchasable","11":"product-type-simple"},"_links":{"self":[{"href":"https:\/\/web.gsasites.com.br\/equipamentosipiranga\/wp-json\/wp\/v2\/product\/384","targetHints":{"allow":["GET"]}}],"collection":[{"href":"https:\/\/web.gsasites.com.br\/equipamentosipiranga\/wp-json\/wp\/v2\/product"}],"about":[{"href":"https:\/\/web.gsasites.com.br\/equipamentosipiranga\/wp-json\/wp\/v2\/types\/product"}],"wp:featuredmedia":[{"embeddable":true,"href":"https:\/\/web.gsasites.com.br\/equipamentosipiranga\/wp-json\/wp\/v2\/media\/3763"}],"wp:attachment":[{"href":"https:\/\/web.gsasites.com.br\/equipamentosipiranga\/wp-json\/wp\/v2\/media?parent=384"}],"wp:term":[{"taxonomy":"product_brand","embeddable":true,"href":"https:\/\/web.gsasites.com.br\/equipamentosipiranga\/wp-json\/wp\/v2\/product_brand?post=384"},{"taxonomy":"product_cat","embeddable":true,"href":"https:\/\/web.gsasites.com.br\/equipamentosipiranga\/wp-json\/wp\/v2\/product_cat?post=384"},{"taxonomy":"product_tag","embeddable":true,"href":"https:\/\/web.gsasites.com.br\/equipamentosipiranga\/wp-json\/wp\/v2\/product_tag?post=384"}],"curies":[{"name":"wp","href":"https:\/\/api.w.org\/{rel}","templated":true}]}}