{"id":387,"date":"2025-01-27T19:56:28","date_gmt":"2025-01-27T19:56:28","guid":{"rendered":"https:\/\/web.gsasites.com.br\/equipamentosipiranga\/produto\/supino-inclinado-iso-lateral-incline-press\/"},"modified":"2025-10-24T22:19:14","modified_gmt":"2025-10-24T22:19:14","slug":"supino-inclinado-iso-lateral-incline-press","status":"publish","type":"product","link":"https:\/\/web.gsasites.com.br\/equipamentosipiranga\/produto\/supino-inclinado-iso-lateral-incline-press\/","title":{"rendered":"Supino inclinado iso-lateral incline press"},"content":{"rendered":"<p>Destaques do Supino Inclinado Ativa\u00e7\u00e3o do peitoral superior: Mais foco na por\u00e7\u00e3o clavicular, gerando defini\u00e7\u00e3o e volume equilibrado no t\u00f3rax. Fortalecimento dos ombros e tr\u00edceps: Trabalha delt\u00f3ide anterior e tr\u00edceps braquial, que s\u00e3o fundamentais para movimentos de empurrar.<\/p>\n<p>Estabilidade postural: Melhora da postura e preven\u00e7\u00e3o de les\u00f5es na regi\u00e3o cervical e esc\u00e1pulas. Variedade no treino: Evita estagna\u00e7\u00e3o ao oferecer est\u00edmulo diferente do supino reto.<\/p>\n<p>Transfer\u00eancia funcional: A for\u00e7a ganha \u00e9 aplic\u00e1vel em tarefas cotidianas, como levantar objetos ou empurrar portas. Tecnologia IPIRANGA FITNESS Os equipamentos biarticulares descritos permitem: Movimentos independentes divergentes e convergentes, o que garante simetria muscular.<\/p>\n","protected":false},"excerpt":{"rendered":"<p>Destaques do Supino Inclinado Ativa\u00e7\u00e3o do peitoral superior: Mais foco na por\u00e7\u00e3o clavicular, gerando defini\u00e7\u00e3o e volume equilibrado no t\u00f3rax. Fortalecimento dos ombros e tr\u00edceps: Trabalha delt\u00f3ide anterior e tr\u00edceps braquial, que s\u00e3o fundamentais para movimentos de empurrar. Estabilidade postural: Melhora da postura e preven\u00e7\u00e3o de les\u00f5es na regi\u00e3o cervical e esc\u00e1pulas. Variedade no treino: [&hellip;]<\/p>\n","protected":false},"featured_media":3737,"template":"","meta":{"_jf_save_progress":""},"product_brand":[],"product_cat":[27],"product_tag":[],"class_list":{"0":"post-387","1":"product","2":"type-product","3":"status-publish","4":"has-post-thumbnail","6":"product_cat-robotica-alta-performance","8":"first","9":"instock","10":"purchasable","11":"product-type-simple"},"_links":{"self":[{"href":"https:\/\/web.gsasites.com.br\/equipamentosipiranga\/wp-json\/wp\/v2\/product\/387","targetHints":{"allow":["GET"]}}],"collection":[{"href":"https:\/\/web.gsasites.com.br\/equipamentosipiranga\/wp-json\/wp\/v2\/product"}],"about":[{"href":"https:\/\/web.gsasites.com.br\/equipamentosipiranga\/wp-json\/wp\/v2\/types\/product"}],"wp:featuredmedia":[{"embeddable":true,"href":"https:\/\/web.gsasites.com.br\/equipamentosipiranga\/wp-json\/wp\/v2\/media\/3737"}],"wp:attachment":[{"href":"https:\/\/web.gsasites.com.br\/equipamentosipiranga\/wp-json\/wp\/v2\/media?parent=387"}],"wp:term":[{"taxonomy":"product_brand","embeddable":true,"href":"https:\/\/web.gsasites.com.br\/equipamentosipiranga\/wp-json\/wp\/v2\/product_brand?post=387"},{"taxonomy":"product_cat","embeddable":true,"href":"https:\/\/web.gsasites.com.br\/equipamentosipiranga\/wp-json\/wp\/v2\/product_cat?post=387"},{"taxonomy":"product_tag","embeddable":true,"href":"https:\/\/web.gsasites.com.br\/equipamentosipiranga\/wp-json\/wp\/v2\/product_tag?post=387"}],"curies":[{"name":"wp","href":"https:\/\/api.w.org\/{rel}","templated":true}]}}