{"id":403,"date":"2025-01-27T19:56:30","date_gmt":"2025-01-27T19:56:30","guid":{"rendered":"https:\/\/web.gsasites.com.br\/equipamentosipiranga\/produto\/cavalete-agachamento-sumo-com-barra-livre\/"},"modified":"2025-10-24T22:19:15","modified_gmt":"2025-10-24T22:19:15","slug":"cavalete-agachamento-sumo-com-barra-livre","status":"publish","type":"product","link":"https:\/\/web.gsasites.com.br\/equipamentosipiranga\/produto\/cavalete-agachamento-sumo-com-barra-livre\/","title":{"rendered":"Cavalete agachamento sum\u00f4 com barra livre"},"content":{"rendered":"<p>Agachamento Sum\u00f4 com Barra Livre: pot\u00eancia, seguran\u00e7a e resultados O agachamento sum\u00f4 com barra livre \u00e9 um dos exerc\u00edcios mais eficazes e vers\u00e1teis para quem busca for\u00e7a, defini\u00e7\u00e3o muscular e prote\u00e7\u00e3o da coluna. \u00c9 altamente recomendado para treinos de membros inferiores, trazendo benef\u00edcios que v\u00e3o muito al\u00e9m da est\u00e9tica.<\/p>\n<p>Benef\u00edcios principais: Fortalecimento dos membros inferiores: ativa intensamente os gl\u00fateos, quadr\u00edceps e adutores, promovendo ganho de for\u00e7a e defini\u00e7\u00e3o nas pernas e parte interna das coxas. Est\u00edmulo \u00e0 hipertrofia muscular: com a sobrecarga proporcionada pela barra livre, o exerc\u00edcio favorece o crescimento muscular, especialmente nas regi\u00f5es do gl\u00fateo e parte medial da coxa.<\/p>\n<p>Postura e core fortalecidos: exige estabiliza\u00e7\u00e3o do tronco, ativando m\u00fasculos abdominais e dorsais, o que contribui para manter a postura ereta e proteger a coluna. Maior amplitude e mobilidade: a postura mais aberta dos p\u00e9s e a rota\u00e7\u00e3o externa dos quadris ampliam o movimento, favorecendo a flexibilidade e a mobilidade da regi\u00e3o p\u00e9lvica.<\/p>\n","protected":false},"excerpt":{"rendered":"<p>Agachamento Sum\u00f4 com Barra Livre: pot\u00eancia, seguran\u00e7a e resultados O agachamento sum\u00f4 com barra livre \u00e9 um dos exerc\u00edcios mais eficazes e vers\u00e1teis para quem busca for\u00e7a, defini\u00e7\u00e3o muscular e prote\u00e7\u00e3o da coluna. \u00c9 altamente recomendado para treinos de membros inferiores, trazendo benef\u00edcios que v\u00e3o muito al\u00e9m da est\u00e9tica. Benef\u00edcios principais: Fortalecimento dos membros inferiores: [&hellip;]<\/p>\n","protected":false},"featured_media":3769,"template":"","meta":{"_jf_save_progress":""},"product_brand":[],"product_cat":[26],"product_tag":[],"class_list":{"0":"post-403","1":"product","2":"type-product","3":"status-publish","4":"has-post-thumbnail","6":"product_cat-peso-livre","8":"first","9":"instock","10":"purchasable","11":"product-type-simple"},"_links":{"self":[{"href":"https:\/\/web.gsasites.com.br\/equipamentosipiranga\/wp-json\/wp\/v2\/product\/403","targetHints":{"allow":["GET"]}}],"collection":[{"href":"https:\/\/web.gsasites.com.br\/equipamentosipiranga\/wp-json\/wp\/v2\/product"}],"about":[{"href":"https:\/\/web.gsasites.com.br\/equipamentosipiranga\/wp-json\/wp\/v2\/types\/product"}],"wp:featuredmedia":[{"embeddable":true,"href":"https:\/\/web.gsasites.com.br\/equipamentosipiranga\/wp-json\/wp\/v2\/media\/3769"}],"wp:attachment":[{"href":"https:\/\/web.gsasites.com.br\/equipamentosipiranga\/wp-json\/wp\/v2\/media?parent=403"}],"wp:term":[{"taxonomy":"product_brand","embeddable":true,"href":"https:\/\/web.gsasites.com.br\/equipamentosipiranga\/wp-json\/wp\/v2\/product_brand?post=403"},{"taxonomy":"product_cat","embeddable":true,"href":"https:\/\/web.gsasites.com.br\/equipamentosipiranga\/wp-json\/wp\/v2\/product_cat?post=403"},{"taxonomy":"product_tag","embeddable":true,"href":"https:\/\/web.gsasites.com.br\/equipamentosipiranga\/wp-json\/wp\/v2\/product_tag?post=403"}],"curies":[{"name":"wp","href":"https:\/\/api.w.org\/{rel}","templated":true}]}}