{"id":404,"date":"2025-01-27T19:56:30","date_gmt":"2025-01-27T19:56:30","guid":{"rendered":"https:\/\/web.gsasites.com.br\/equipamentosipiranga\/produto\/agachamento-total-v-squat-robotico\/"},"modified":"2025-10-24T22:19:15","modified_gmt":"2025-10-24T22:19:15","slug":"agachamento-total-v-squat-robotico","status":"publish","type":"product","link":"https:\/\/web.gsasites.com.br\/equipamentosipiranga\/produto\/agachamento-total-v-squat-robotico\/","title":{"rendered":"Agachamento total V-squat rob\u00f3tico"},"content":{"rendered":"<p>Squat Articulado \u2014 Efici\u00eancia e Seguran\u00e7a no Treino de Pernas O squat articulado \u00e9 um exerc\u00edcio multiarticular poderoso, ideal para ativar de forma completa os principais m\u00fasculos dos membros inferiores: quadr\u00edceps, gl\u00fateos e posteriores de coxa.<\/p>\n<p>Projetado para seguir um padr\u00e3o natural de movimento de agachamento, esse equipamento reduz significativamente a tens\u00e3o nas costas e nos joelhos, gra\u00e7as \u00e0 sua trajet\u00f3ria em arco curvado.<\/p>\n<p>Isso proporciona maior seguran\u00e7a biomec\u00e2nica para alunos de diferentes n\u00edveis.<\/p>\n","protected":false},"excerpt":{"rendered":"<p>Um equipamento multifuncional projetado para proporcionar um treinamento completo dos membros inferiores, incluindo coxas, gl\u00fateos e posteriores de coxa.<\/p>\n<p>Seu design inovador simula um movimento natural de agachamento, enquanto minimiza a tens\u00e3o nas costas e nos joelhos gra\u00e7as \u00e0 trajet\u00f3ria em arco projetado especificamente.<\/p>\n","protected":false},"featured_media":3752,"template":"","meta":{"_jf_save_progress":""},"product_brand":[],"product_cat":[27],"product_tag":[],"class_list":{"0":"post-404","1":"product","2":"type-product","3":"status-publish","4":"has-post-thumbnail","6":"product_cat-robotica-alta-performance","8":"first","9":"instock","10":"purchasable","11":"product-type-simple"},"_links":{"self":[{"href":"https:\/\/web.gsasites.com.br\/equipamentosipiranga\/wp-json\/wp\/v2\/product\/404","targetHints":{"allow":["GET"]}}],"collection":[{"href":"https:\/\/web.gsasites.com.br\/equipamentosipiranga\/wp-json\/wp\/v2\/product"}],"about":[{"href":"https:\/\/web.gsasites.com.br\/equipamentosipiranga\/wp-json\/wp\/v2\/types\/product"}],"wp:featuredmedia":[{"embeddable":true,"href":"https:\/\/web.gsasites.com.br\/equipamentosipiranga\/wp-json\/wp\/v2\/media\/3752"}],"wp:attachment":[{"href":"https:\/\/web.gsasites.com.br\/equipamentosipiranga\/wp-json\/wp\/v2\/media?parent=404"}],"wp:term":[{"taxonomy":"product_brand","embeddable":true,"href":"https:\/\/web.gsasites.com.br\/equipamentosipiranga\/wp-json\/wp\/v2\/product_brand?post=404"},{"taxonomy":"product_cat","embeddable":true,"href":"https:\/\/web.gsasites.com.br\/equipamentosipiranga\/wp-json\/wp\/v2\/product_cat?post=404"},{"taxonomy":"product_tag","embeddable":true,"href":"https:\/\/web.gsasites.com.br\/equipamentosipiranga\/wp-json\/wp\/v2\/product_tag?post=404"}],"curies":[{"name":"wp","href":"https:\/\/api.w.org\/{rel}","templated":true}]}}