{"id":406,"date":"2025-01-27T19:56:30","date_gmt":"2025-01-27T19:56:30","guid":{"rendered":"https:\/\/web.gsasites.com.br\/equipamentosipiranga\/produto\/abdominal-hiperextensao-lombar-multi-regulavel\/"},"modified":"2025-10-24T22:19:15","modified_gmt":"2025-10-24T22:19:15","slug":"abdominal-hiperextensao-lombar-multi-regulavel","status":"publish","type":"product","link":"https:\/\/web.gsasites.com.br\/equipamentosipiranga\/produto\/abdominal-hiperextensao-lombar-multi-regulavel\/","title":{"rendered":"GHD  hiperextens\u00e3o lombar multi regul\u00e1vel"},"content":{"rendered":"<p>Alta Performance e Versatilidade Este banco de hiperextens\u00e3o lombar com m\u00faltiplas regulagens oferece variedade incompar\u00e1vel para treinos de posteriores de coxa, gl\u00fateos e lombar.<\/p>\n<p>Compacto e eficiente, \u00e9 ideal para quem busca m\u00e1ximo desempenho ocupando m\u00ednimo espa\u00e7o na academia.<\/p>\n<p>Aprovado por grandes nomes da muscula\u00e7\u00e3o \u2013 este equipamento se destaca pela robustez, seguran\u00e7a e excelente retorno nos resultados.<\/p>\n","protected":false},"excerpt":{"rendered":"<p>Alta Performance e Versatilidade Este banco de hiperextens\u00e3o lombar com m\u00faltiplas regulagens oferece variedade incompar\u00e1vel para treinos de posteriores de coxa, gl\u00fateos e lombar. Compacto e eficiente, \u00e9 ideal para quem busca m\u00e1ximo desempenho ocupando m\u00ednimo espa\u00e7o na academia. Aprovado por grandes nomes da muscula\u00e7\u00e3o \u2013 este equipamento se destaca pela robustez, seguran\u00e7a e excelente [&hellip;]<\/p>\n","protected":false},"featured_media":3800,"template":"","meta":{"_jf_save_progress":""},"product_brand":[],"product_cat":[27],"product_tag":[],"class_list":{"0":"post-406","1":"product","2":"type-product","3":"status-publish","4":"has-post-thumbnail","6":"product_cat-robotica-alta-performance","8":"first","9":"instock","10":"purchasable","11":"product-type-simple"},"_links":{"self":[{"href":"https:\/\/web.gsasites.com.br\/equipamentosipiranga\/wp-json\/wp\/v2\/product\/406","targetHints":{"allow":["GET"]}}],"collection":[{"href":"https:\/\/web.gsasites.com.br\/equipamentosipiranga\/wp-json\/wp\/v2\/product"}],"about":[{"href":"https:\/\/web.gsasites.com.br\/equipamentosipiranga\/wp-json\/wp\/v2\/types\/product"}],"wp:featuredmedia":[{"embeddable":true,"href":"https:\/\/web.gsasites.com.br\/equipamentosipiranga\/wp-json\/wp\/v2\/media\/3800"}],"wp:attachment":[{"href":"https:\/\/web.gsasites.com.br\/equipamentosipiranga\/wp-json\/wp\/v2\/media?parent=406"}],"wp:term":[{"taxonomy":"product_brand","embeddable":true,"href":"https:\/\/web.gsasites.com.br\/equipamentosipiranga\/wp-json\/wp\/v2\/product_brand?post=406"},{"taxonomy":"product_cat","embeddable":true,"href":"https:\/\/web.gsasites.com.br\/equipamentosipiranga\/wp-json\/wp\/v2\/product_cat?post=406"},{"taxonomy":"product_tag","embeddable":true,"href":"https:\/\/web.gsasites.com.br\/equipamentosipiranga\/wp-json\/wp\/v2\/product_tag?post=406"}],"curies":[{"name":"wp","href":"https:\/\/api.w.org\/{rel}","templated":true}]}}