{"id":407,"date":"2025-01-27T19:56:30","date_gmt":"2025-01-27T19:56:30","guid":{"rendered":"https:\/\/web.gsasites.com.br\/equipamentosipiranga\/produto\/par-puxador-estribo-grip-aluminio-conico-grosso-premium\/"},"modified":"2025-10-24T22:19:15","modified_gmt":"2025-10-24T22:19:15","slug":"par-puxador-estribo-grip-aluminio-conico-grosso-premium","status":"publish","type":"product","link":"https:\/\/web.gsasites.com.br\/equipamentosipiranga\/produto\/par-puxador-estribo-grip-aluminio-conico-grosso-premium\/","title":{"rendered":"Par puxador estribo grip alum\u00ednio c\u00f4nico premium"},"content":{"rendered":"<p>Potencialize seu treino com a for\u00e7a da inova\u00e7\u00e3o! A Ipiranga Fitness redefine o padr\u00e3o do mercado Premium com os melhores puxadores anat\u00f4micos c\u00f4nicos. Fabricados 100 em alum\u00ednio recartilhado e refor\u00e7ados com TRIPLA camada de nylon, oferecem m\u00e1xima durabilidade, pegada firme e performance superior.<\/p>\n<p>Ergonomia pensada nos m\u00ednimos detalhes. Estilo e resist\u00eancia que elevam qualquer espa\u00e7o fitness. Escolha Ipiranga.<\/p>\n","protected":false},"excerpt":{"rendered":"<p>Voce quer Um Puxador Unilateral Diferenciado? Esse Acess\u00f3rio vai turbinar seu treino e melhorar seu Grip. Pe\u00e7a agora mesmo.<\/p>\n","protected":false},"featured_media":3765,"template":"","meta":{"_jf_save_progress":""},"product_brand":[],"product_cat":[28],"product_tag":[],"class_list":{"0":"post-407","1":"product","2":"type-product","3":"status-publish","4":"has-post-thumbnail","6":"product_cat-grips-premium","8":"first","9":"instock","10":"purchasable","11":"product-type-simple"},"_links":{"self":[{"href":"https:\/\/web.gsasites.com.br\/equipamentosipiranga\/wp-json\/wp\/v2\/product\/407","targetHints":{"allow":["GET"]}}],"collection":[{"href":"https:\/\/web.gsasites.com.br\/equipamentosipiranga\/wp-json\/wp\/v2\/product"}],"about":[{"href":"https:\/\/web.gsasites.com.br\/equipamentosipiranga\/wp-json\/wp\/v2\/types\/product"}],"wp:featuredmedia":[{"embeddable":true,"href":"https:\/\/web.gsasites.com.br\/equipamentosipiranga\/wp-json\/wp\/v2\/media\/3765"}],"wp:attachment":[{"href":"https:\/\/web.gsasites.com.br\/equipamentosipiranga\/wp-json\/wp\/v2\/media?parent=407"}],"wp:term":[{"taxonomy":"product_brand","embeddable":true,"href":"https:\/\/web.gsasites.com.br\/equipamentosipiranga\/wp-json\/wp\/v2\/product_brand?post=407"},{"taxonomy":"product_cat","embeddable":true,"href":"https:\/\/web.gsasites.com.br\/equipamentosipiranga\/wp-json\/wp\/v2\/product_cat?post=407"},{"taxonomy":"product_tag","embeddable":true,"href":"https:\/\/web.gsasites.com.br\/equipamentosipiranga\/wp-json\/wp\/v2\/product_tag?post=407"}],"curies":[{"name":"wp","href":"https:\/\/api.w.org\/{rel}","templated":true}]}}