{"id":408,"date":"2025-01-27T19:56:30","date_gmt":"2025-01-27T19:56:30","guid":{"rendered":"https:\/\/web.gsasites.com.br\/equipamentosipiranga\/produto\/par-puxador-estribo-grip-aluminio-1-1-8-fino-premium\/"},"modified":"2025-10-24T22:19:15","modified_gmt":"2025-10-24T22:19:15","slug":"par-puxador-estribo-grip-aluminio-1-1-8-fino-premium","status":"publish","type":"product","link":"https:\/\/web.gsasites.com.br\/equipamentosipiranga\/produto\/par-puxador-estribo-grip-aluminio-1-1-8-fino-premium\/","title":{"rendered":"Par puxador estribo grip alum\u00ednio 1.1\/8&#8243; fino premium"},"content":{"rendered":"<p>Eleve o padr\u00e3o da sua academia com os puxadores premium da Ipiranga Fitness!<\/p>\n<p>A Ipiranga Fitness apresenta o que h\u00e1 de mais avan\u00e7ado e sofisticado no mercado de acess\u00f3rios para muscula\u00e7\u00e3o: puxadores anat\u00f4micos 100 em alum\u00ednio recartilhado.<\/p>\n<p>Benef\u00edcios que fazem a diferen\u00e7a: Design ergon\u00f4mico para m\u00e1ximo conforto Pegada firme, precisa e segura Durabilidade incompar\u00e1vel com acabamento premium Esses puxadores n\u00e3o s\u00e3o apenas acess\u00f3rios \u2014 s\u00e3o uma experi\u00eancia exclusiva para seus alunos e um diferencial competitivo para sua academia.<\/p>\n","protected":false},"excerpt":{"rendered":"<p>Voce quer Um Puxador Unilateral Diferenciado? Esse Acess\u00f3rio vai turbinar seu treino.<\/p>\n","protected":false},"featured_media":3812,"template":"","meta":{"_jf_save_progress":""},"product_brand":[],"product_cat":[28],"product_tag":[],"class_list":{"0":"post-408","1":"product","2":"type-product","3":"status-publish","4":"has-post-thumbnail","6":"product_cat-grips-premium","8":"first","9":"instock","10":"purchasable","11":"product-type-simple"},"_links":{"self":[{"href":"https:\/\/web.gsasites.com.br\/equipamentosipiranga\/wp-json\/wp\/v2\/product\/408","targetHints":{"allow":["GET"]}}],"collection":[{"href":"https:\/\/web.gsasites.com.br\/equipamentosipiranga\/wp-json\/wp\/v2\/product"}],"about":[{"href":"https:\/\/web.gsasites.com.br\/equipamentosipiranga\/wp-json\/wp\/v2\/types\/product"}],"wp:featuredmedia":[{"embeddable":true,"href":"https:\/\/web.gsasites.com.br\/equipamentosipiranga\/wp-json\/wp\/v2\/media\/3812"}],"wp:attachment":[{"href":"https:\/\/web.gsasites.com.br\/equipamentosipiranga\/wp-json\/wp\/v2\/media?parent=408"}],"wp:term":[{"taxonomy":"product_brand","embeddable":true,"href":"https:\/\/web.gsasites.com.br\/equipamentosipiranga\/wp-json\/wp\/v2\/product_brand?post=408"},{"taxonomy":"product_cat","embeddable":true,"href":"https:\/\/web.gsasites.com.br\/equipamentosipiranga\/wp-json\/wp\/v2\/product_cat?post=408"},{"taxonomy":"product_tag","embeddable":true,"href":"https:\/\/web.gsasites.com.br\/equipamentosipiranga\/wp-json\/wp\/v2\/product_tag?post=408"}],"curies":[{"name":"wp","href":"https:\/\/api.w.org\/{rel}","templated":true}]}}