{"id":412,"date":"2025-01-27T19:56:30","date_gmt":"2025-01-27T19:56:30","guid":{"rendered":"https:\/\/web.gsasites.com.br\/equipamentosipiranga\/produto\/puxador-rolamentado-w-75cm\/"},"modified":"2025-10-24T22:19:15","modified_gmt":"2025-10-24T22:19:15","slug":"puxador-rolamentado-w-75cm","status":"publish","type":"product","link":"https:\/\/web.gsasites.com.br\/equipamentosipiranga\/produto\/puxador-rolamentado-w-75cm\/","title":{"rendered":"Puxador Premium INOX rolamentado semi W 75cm"},"content":{"rendered":"<p>Puxador GRIP Premium INOX rolamentado semi W 75cm nbsp; A Ipiranga Fitness tras o que h\u00e1 de melhor em PUXADORES do Mercado Premium Fitness.<\/p>\n<p>Puxadores anat\u00f4micos Rolamentos blindados duplos Bucha em a\u00e7o inoxid\u00e1vel Pegadas emborrachadas Acabamento tran\u00e7ado Resistente ao Suor das m\u00e3os PUXADORES ROLAMENTADOS.<\/p>\n","protected":false},"excerpt":{"rendered":"<p>Voce quer Um Puxador Unilateral Diferenciado? Esse Acess\u00f3rio vai turbinar seu treino<\/p>\n","protected":false},"featured_media":3786,"template":"","meta":{"_jf_save_progress":""},"product_brand":[],"product_cat":[28],"product_tag":[],"class_list":{"0":"post-412","1":"product","2":"type-product","3":"status-publish","4":"has-post-thumbnail","6":"product_cat-grips-premium","8":"first","9":"instock","10":"purchasable","11":"product-type-simple"},"_links":{"self":[{"href":"https:\/\/web.gsasites.com.br\/equipamentosipiranga\/wp-json\/wp\/v2\/product\/412","targetHints":{"allow":["GET"]}}],"collection":[{"href":"https:\/\/web.gsasites.com.br\/equipamentosipiranga\/wp-json\/wp\/v2\/product"}],"about":[{"href":"https:\/\/web.gsasites.com.br\/equipamentosipiranga\/wp-json\/wp\/v2\/types\/product"}],"wp:featuredmedia":[{"embeddable":true,"href":"https:\/\/web.gsasites.com.br\/equipamentosipiranga\/wp-json\/wp\/v2\/media\/3786"}],"wp:attachment":[{"href":"https:\/\/web.gsasites.com.br\/equipamentosipiranga\/wp-json\/wp\/v2\/media?parent=412"}],"wp:term":[{"taxonomy":"product_brand","embeddable":true,"href":"https:\/\/web.gsasites.com.br\/equipamentosipiranga\/wp-json\/wp\/v2\/product_brand?post=412"},{"taxonomy":"product_cat","embeddable":true,"href":"https:\/\/web.gsasites.com.br\/equipamentosipiranga\/wp-json\/wp\/v2\/product_cat?post=412"},{"taxonomy":"product_tag","embeddable":true,"href":"https:\/\/web.gsasites.com.br\/equipamentosipiranga\/wp-json\/wp\/v2\/product_tag?post=412"}],"curies":[{"name":"wp","href":"https:\/\/api.w.org\/{rel}","templated":true}]}}