{"id":413,"date":"2025-01-27T19:56:30","date_gmt":"2025-01-27T19:56:30","guid":{"rendered":"https:\/\/web.gsasites.com.br\/equipamentosipiranga\/produto\/abdominal-linear-carrinho-deslizante-robotico\/"},"modified":"2025-10-24T22:19:15","modified_gmt":"2025-10-24T22:19:15","slug":"abdominal-linear-carrinho-deslizante-robotico","status":"publish","type":"product","link":"https:\/\/web.gsasites.com.br\/equipamentosipiranga\/produto\/abdominal-linear-carrinho-deslizante-robotico\/","title":{"rendered":"Abdominal linear carrinho"},"content":{"rendered":"<p>Promove alongamento e fortalecimento muscular, contribuindo para o treinamento da musculatura da regi\u00e3o lombar, p\u00e9lvica e do quadril, al\u00e9m de favorecer os movimentos de flex\u00e3o e extens\u00e3o.<\/p>\n","protected":false},"excerpt":{"rendered":"<p>Promove alongamento e fortalecimento muscular, contribuindo para o treinamento da musculatura da regi\u00e3o lombar, p\u00e9lvica e do quadril, al\u00e9m de favorecer os movimentos de flex\u00e3o e extens\u00e3o.<\/p>\n","protected":false},"featured_media":3738,"template":"","meta":{"_jf_save_progress":""},"product_brand":[],"product_cat":[26],"product_tag":[],"class_list":{"0":"post-413","1":"product","2":"type-product","3":"status-publish","4":"has-post-thumbnail","6":"product_cat-peso-livre","8":"first","9":"instock","10":"purchasable","11":"product-type-simple"},"_links":{"self":[{"href":"https:\/\/web.gsasites.com.br\/equipamentosipiranga\/wp-json\/wp\/v2\/product\/413","targetHints":{"allow":["GET"]}}],"collection":[{"href":"https:\/\/web.gsasites.com.br\/equipamentosipiranga\/wp-json\/wp\/v2\/product"}],"about":[{"href":"https:\/\/web.gsasites.com.br\/equipamentosipiranga\/wp-json\/wp\/v2\/types\/product"}],"wp:featuredmedia":[{"embeddable":true,"href":"https:\/\/web.gsasites.com.br\/equipamentosipiranga\/wp-json\/wp\/v2\/media\/3738"}],"wp:attachment":[{"href":"https:\/\/web.gsasites.com.br\/equipamentosipiranga\/wp-json\/wp\/v2\/media?parent=413"}],"wp:term":[{"taxonomy":"product_brand","embeddable":true,"href":"https:\/\/web.gsasites.com.br\/equipamentosipiranga\/wp-json\/wp\/v2\/product_brand?post=413"},{"taxonomy":"product_cat","embeddable":true,"href":"https:\/\/web.gsasites.com.br\/equipamentosipiranga\/wp-json\/wp\/v2\/product_cat?post=413"},{"taxonomy":"product_tag","embeddable":true,"href":"https:\/\/web.gsasites.com.br\/equipamentosipiranga\/wp-json\/wp\/v2\/product_tag?post=413"}],"curies":[{"name":"wp","href":"https:\/\/api.w.org\/{rel}","templated":true}]}}