{"id":47,"date":"2025-02-21T07:32:27","date_gmt":"2025-02-21T10:32:27","guid":{"rendered":"https:\/\/web.gsasites.com.br\/opendesk\/?page_id=47"},"modified":"2025-03-01T17:08:11","modified_gmt":"2025-03-01T20:08:11","slug":"home","status":"publish","type":"page","link":"https:\/\/web.gsasites.com.br\/opendesk\/","title":{"rendered":"Home"},"content":{"rendered":"\t\t<div data-elementor-type=\"wp-page\" data-elementor-id=\"47\" class=\"elementor elementor-47\" data-elementor-post-type=\"page\">\n\t\t\t\t<div class=\"elementor-element elementor-element-a306ab2 e-flex e-con-boxed e-con e-parent\" data-id=\"a306ab2\" data-element_type=\"container\" data-e-type=\"container\" data-settings=\"{&quot;background_background&quot;:&quot;gradient&quot;}\">\n\t\t\t\t\t<div class=\"e-con-inner\">\n\t\t<div class=\"elementor-element elementor-element-8381d83 e-con-full e-flex elementor-invisible e-con e-child\" data-id=\"8381d83\" data-element_type=\"container\" data-e-type=\"container\" data-settings=\"{&quot;animation&quot;:&quot;fadeInLeft&quot;}\">\n\t\t\t\t<div class=\"elementor-element elementor-element-31b27bf elementor-widget elementor-widget-heading\" data-id=\"31b27bf\" data-element_type=\"widget\" data-e-type=\"widget\" data-widget_type=\"heading.default\">\n\t\t\t\t<div class=\"elementor-widget-container\">\n\t\t\t\t\t<h1 class=\"elementor-heading-title elementor-size-default\">Temos Solu\u00e7\u00f5es customizadas na <span style=\"color:#2251FF\">Medida Certa<\/h1>\t\t\t\t<\/div>\n\t\t\t\t<\/div>\n\t\t\t\t<div class=\"elementor-element elementor-element-c19ad10 elementor-widget elementor-widget-heading\" data-id=\"c19ad10\" data-element_type=\"widget\" data-e-type=\"widget\" data-widget_type=\"heading.default\">\n\t\t\t\t<div class=\"elementor-widget-container\">\n\t\t\t\t\t<div class=\"elementor-heading-title elementor-size-default\">Mais seguran\u00e7a e efici\u00eancia para o seu neg\u00f3cio\n\n<\/div>\t\t\t\t<\/div>\n\t\t\t\t<\/div>\n\t\t\t\t<div class=\"elementor-element elementor-element-a37f493 elementor-mobile-align-center elementor-tablet-align-right elementor-invisible elementor-widget elementor-widget-button\" data-id=\"a37f493\" data-element_type=\"widget\" data-e-type=\"widget\" data-settings=\"{&quot;_animation&quot;:&quot;fadeIn&quot;,&quot;_animation_delay&quot;:300}\" data-widget_type=\"button.default\">\n\t\t\t\t<div class=\"elementor-widget-container\">\n\t\t\t\t\t\t\t\t\t<div class=\"elementor-button-wrapper\">\n\t\t\t\t\t<a class=\"elementor-button elementor-button-link elementor-size-sm elementor-animation-float\" href=\"#\">\n\t\t\t\t\t\t<span class=\"elementor-button-content-wrapper\">\n\t\t\t\t\t\t<span class=\"elementor-button-icon\">\n\t\t\t\t<i aria-hidden=\"true\" class=\"icon icon-arrow-right\"><\/i>\t\t\t<\/span>\n\t\t\t\t\t\t\t\t\t<span class=\"elementor-button-text\">Entre em contato<\/span>\n\t\t\t\t\t<\/span>\n\t\t\t\t\t<\/a>\n\t\t\t\t<\/div>\n\t\t\t\t\t\t\t\t<\/div>\n\t\t\t\t<\/div>\n\t\t\t\t<\/div>\n\t\t\t\t\t<\/div>\n\t\t\t\t<\/div>\n\t\t<div class=\"elementor-element elementor-element-76eab6b e-flex e-con-boxed elementor-invisible e-con e-parent\" data-id=\"76eab6b\" data-element_type=\"container\" data-e-type=\"container\" data-settings=\"{&quot;animation&quot;:&quot;fadeInUp&quot;}\">\n\t\t\t\t\t<div class=\"e-con-inner\">\n\t\t<div class=\"elementor-element elementor-element-e42e7aa e-con-full e-flex e-con e-child\" data-id=\"e42e7aa\" data-element_type=\"container\" data-e-type=\"container\">\n\t\t\t\t<div class=\"elementor-element elementor-element-d1e2426 elementor-hidden-tablet elementor-hidden-mobile elementor-absolute elementor-view-default elementor-widget elementor-widget-icon\" data-id=\"d1e2426\" data-element_type=\"widget\" data-e-type=\"widget\" data-settings=\"{&quot;_position&quot;:&quot;absolute&quot;}\" data-widget_type=\"icon.default\">\n\t\t\t\t<div class=\"elementor-widget-container\">\n\t\t\t\t\t\t\t<div class=\"elementor-icon-wrapper\">\n\t\t\t<a class=\"elementor-icon elementor-animation-grow\" href=\"#\">\n\t\t\t<i aria-hidden=\"true\" class=\"lni lni-plus\"><\/i>\t\t\t<\/a>\n\t\t<\/div>\n\t\t\t\t\t\t<\/div>\n\t\t\t\t<\/div>\n\t\t\t\t<div class=\"elementor-element elementor-element-b7074ac elementor-hidden-tablet elementor-hidden-mobile elementor-absolute elementor-view-default elementor-widget elementor-widget-icon\" data-id=\"b7074ac\" data-element_type=\"widget\" data-e-type=\"widget\" data-settings=\"{&quot;_position&quot;:&quot;absolute&quot;}\" data-widget_type=\"icon.default\">\n\t\t\t\t<div class=\"elementor-widget-container\">\n\t\t\t\t\t\t\t<div class=\"elementor-icon-wrapper\">\n\t\t\t<a class=\"elementor-icon elementor-animation-grow\" href=\"#\">\n\t\t\t<i aria-hidden=\"true\" class=\"lni lni-plus\"><\/i>\t\t\t<\/a>\n\t\t<\/div>\n\t\t\t\t\t\t<\/div>\n\t\t\t\t<\/div>\n\t\t\t\t<div class=\"elementor-element elementor-element-d636cd5 elementor-hidden-tablet elementor-hidden-mobile elementor-absolute elementor-view-default elementor-widget elementor-widget-icon\" data-id=\"d636cd5\" data-element_type=\"widget\" data-e-type=\"widget\" data-settings=\"{&quot;_position&quot;:&quot;absolute&quot;}\" data-widget_type=\"icon.default\">\n\t\t\t\t<div class=\"elementor-widget-container\">\n\t\t\t\t\t\t\t<div class=\"elementor-icon-wrapper\">\n\t\t\t<a class=\"elementor-icon elementor-animation-grow\" href=\"#\">\n\t\t\t<i aria-hidden=\"true\" class=\"lni lni-plus\"><\/i>\t\t\t<\/a>\n\t\t<\/div>\n\t\t\t\t\t\t<\/div>\n\t\t\t\t<\/div>\n\t\t\t\t<div class=\"elementor-element elementor-element-a5f8780 elementor-widget__width-inherit elementor-position-top elementor-widget elementor-widget-image-box\" data-id=\"a5f8780\" data-element_type=\"widget\" data-e-type=\"widget\" data-widget_type=\"image-box.default\">\n\t\t\t\t<div class=\"elementor-widget-container\">\n\t\t\t\t\t<div class=\"elementor-image-box-wrapper\"><figure class=\"elementor-image-box-img\"><img fetchpriority=\"high\" decoding=\"async\" width=\"888\" height=\"308\" src=\"https:\/\/web.gsasites.com.br\/opendesk\/wp-content\/uploads\/2025\/02\/Asset-02.png\" class=\"attachment-full size-full wp-image-66\" alt=\"\" srcset=\"https:\/\/web.gsasites.com.br\/opendesk\/wp-content\/uploads\/2025\/02\/Asset-02.png 888w, https:\/\/web.gsasites.com.br\/opendesk\/wp-content\/uploads\/2025\/02\/Asset-02-300x104.png 300w, https:\/\/web.gsasites.com.br\/opendesk\/wp-content\/uploads\/2025\/02\/Asset-02-768x266.png 768w\" sizes=\"(max-width: 888px) 100vw, 888px\" \/><\/figure><div class=\"elementor-image-box-content\"><h3 class=\"elementor-image-box-title\">Projetos Customizados<\/h3><p class=\"elementor-image-box-description\">Estamos preparados para ser seu parceiro em outsourcing, podendo atuar em todas as etapas dos projetos, desde o levantamento de requisitos com usu\u00e1rios, at\u00e9 a implanta\u00e7\u00e3o e manuten\u00e7\u00e3o das solu\u00e7\u00f5es.<\/p><\/div><\/div>\t\t\t\t<\/div>\n\t\t\t\t<\/div>\n\t\t\t\t<div class=\"elementor-element elementor-element-b539231 elementor-widget__width-inherit elementor-position-top elementor-widget elementor-widget-image-box\" data-id=\"b539231\" data-element_type=\"widget\" data-e-type=\"widget\" data-widget_type=\"image-box.default\">\n\t\t\t\t<div class=\"elementor-widget-container\">\n\t\t\t\t\t<div class=\"elementor-image-box-wrapper\"><figure class=\"elementor-image-box-img\"><img decoding=\"async\" width=\"924\" height=\"308\" src=\"https:\/\/web.gsasites.com.br\/opendesk\/wp-content\/uploads\/2025\/02\/Asset-03.png\" class=\"attachment-full size-full wp-image-67\" alt=\"\" srcset=\"https:\/\/web.gsasites.com.br\/opendesk\/wp-content\/uploads\/2025\/02\/Asset-03.png 924w, https:\/\/web.gsasites.com.br\/opendesk\/wp-content\/uploads\/2025\/02\/Asset-03-300x100.png 300w, https:\/\/web.gsasites.com.br\/opendesk\/wp-content\/uploads\/2025\/02\/Asset-03-768x256.png 768w\" sizes=\"(max-width: 924px) 100vw, 924px\" \/><\/figure><div class=\"elementor-image-box-content\"><h3 class=\"elementor-image-box-title\">Outsorcing de Profissionais<\/h3><p class=\"elementor-image-box-description\">Drible o d\u00e9ficit do mercado e aloque profissionais de tecnologia com agilidade. Contratamos profissionais com assertividade, levando em considera\u00e7\u00e3o as necessidades t\u00e9cnicas do seu projeto e os objetivos do seu neg\u00f3cio.<\/p><\/div><\/div>\t\t\t\t<\/div>\n\t\t\t\t<\/div>\n\t\t\t\t<div class=\"elementor-element elementor-element-fbfe26e elementor-widget__width-inherit elementor-position-top elementor-widget elementor-widget-image-box\" data-id=\"fbfe26e\" data-element_type=\"widget\" data-e-type=\"widget\" data-widget_type=\"image-box.default\">\n\t\t\t\t<div class=\"elementor-widget-container\">\n\t\t\t\t\t<div class=\"elementor-image-box-wrapper\"><figure class=\"elementor-image-box-img\"><img decoding=\"async\" width=\"922\" height=\"308\" src=\"https:\/\/web.gsasites.com.br\/opendesk\/wp-content\/uploads\/2025\/02\/Asset-04.png\" class=\"attachment-full size-full wp-image-68\" alt=\"\" srcset=\"https:\/\/web.gsasites.com.br\/opendesk\/wp-content\/uploads\/2025\/02\/Asset-04.png 922w, https:\/\/web.gsasites.com.br\/opendesk\/wp-content\/uploads\/2025\/02\/Asset-04-300x100.png 300w, https:\/\/web.gsasites.com.br\/opendesk\/wp-content\/uploads\/2025\/02\/Asset-04-768x257.png 768w\" sizes=\"(max-width: 922px) 100vw, 922px\" \/><\/figure><div class=\"elementor-image-box-content\"><h3 class=\"elementor-image-box-title\">Servi\u00e7os Gerenciados<\/h3><p class=\"elementor-image-box-description\">Na nuvem ou On-premisse a Opendesk oferece alto desempenho, seguran\u00e7a e o melhor custo benef\u00edcio, adicionando valor atrav\u00e9s de converg\u00eancia tecnol\u00f3gica. Conte com nosso suporte, tecnologia e orienta\u00e7\u00e3o.<\/p><\/div><\/div>\t\t\t\t<\/div>\n\t\t\t\t<\/div>\n\t\t\t\t<div class=\"elementor-element elementor-element-78cf3fe elementor-widget__width-inherit elementor-position-top elementor-widget elementor-widget-image-box\" data-id=\"78cf3fe\" data-element_type=\"widget\" data-e-type=\"widget\" data-widget_type=\"image-box.default\">\n\t\t\t\t<div class=\"elementor-widget-container\">\n\t\t\t\t\t<div class=\"elementor-image-box-wrapper\"><figure class=\"elementor-image-box-img\"><img loading=\"lazy\" decoding=\"async\" width=\"928\" height=\"308\" src=\"https:\/\/web.gsasites.com.br\/opendesk\/wp-content\/uploads\/2025\/02\/Asset-05.png\" class=\"attachment-full size-full wp-image-69\" alt=\"\" srcset=\"https:\/\/web.gsasites.com.br\/opendesk\/wp-content\/uploads\/2025\/02\/Asset-05.png 928w, https:\/\/web.gsasites.com.br\/opendesk\/wp-content\/uploads\/2025\/02\/Asset-05-300x100.png 300w, https:\/\/web.gsasites.com.br\/opendesk\/wp-content\/uploads\/2025\/02\/Asset-05-768x255.png 768w\" sizes=\"(max-width: 928px) 100vw, 928px\" \/><\/figure><div class=\"elementor-image-box-content\"><h3 class=\"elementor-image-box-title\">Opera\u00e7\u00e3o de Sustenta\u00e7\u00e3o<\/h3><p class=\"elementor-image-box-description\">Nossa equipe treinada no atendimento de suporte t\u00e9cnico e manuten\u00e7\u00e3o para atuar em momentos cr\u00edticos. Desenhamos o fluxo de atendimento de forma personalizada alinhada \u00e0s caracter\u00edsticas de opera\u00e7\u00e3o do seu neg\u00f3cio.<\/p><\/div><\/div>\t\t\t\t<\/div>\n\t\t\t\t<\/div>\n\t\t\t\t<\/div>\n\t\t\t\t\t<\/div>\n\t\t\t\t<\/div>\n\t\t<div class=\"elementor-element elementor-element-4cd4914 e-flex e-con-boxed elementor-invisible e-con e-parent\" data-id=\"4cd4914\" data-element_type=\"container\" data-e-type=\"container\" data-settings=\"{&quot;animation&quot;:&quot;fadeIn&quot;}\">\n\t\t\t\t\t<div class=\"e-con-inner\">\n\t\t<div class=\"elementor-element elementor-element-3f042bf e-con-full e-flex e-con e-child\" data-id=\"3f042bf\" data-element_type=\"container\" data-e-type=\"container\" data-settings=\"{&quot;background_background&quot;:&quot;classic&quot;}\">\n\t\t<div class=\"elementor-element elementor-element-97430bf e-con-full e-flex e-con e-child\" data-id=\"97430bf\" data-element_type=\"container\" data-e-type=\"container\">\n\t\t<div class=\"elementor-element elementor-element-8db63dc e-con-full e-flex e-con e-child\" data-id=\"8db63dc\" data-element_type=\"container\" data-e-type=\"container\">\n\t\t\t\t<div class=\"elementor-element elementor-element-73f8af0 elementor-position-left elementor-vertical-align-top elementor-widget elementor-widget-image-box\" data-id=\"73f8af0\" data-element_type=\"widget\" data-e-type=\"widget\" data-widget_type=\"image-box.default\">\n\t\t\t\t<div class=\"elementor-widget-container\">\n\t\t\t\t\t<div class=\"elementor-image-box-wrapper\"><figure class=\"elementor-image-box-img\"><img loading=\"lazy\" decoding=\"async\" width=\"462\" height=\"196\" src=\"https:\/\/web.gsasites.com.br\/opendesk\/wp-content\/uploads\/2025\/02\/Asset-010.png\" class=\"attachment-full size-full wp-image-70\" alt=\"\" srcset=\"https:\/\/web.gsasites.com.br\/opendesk\/wp-content\/uploads\/2025\/02\/Asset-010.png 462w, https:\/\/web.gsasites.com.br\/opendesk\/wp-content\/uploads\/2025\/02\/Asset-010-300x127.png 300w\" sizes=\"(max-width: 462px) 100vw, 462px\" \/><\/figure><div class=\"elementor-image-box-content\"><h3 class=\"elementor-image-box-title\">Nossos Servi\u00e7os<\/h3><\/div><\/div>\t\t\t\t<\/div>\n\t\t\t\t<\/div>\n\t\t\t\t<div class=\"elementor-element elementor-element-4790f9e elementor-widget elementor-widget-heading\" data-id=\"4790f9e\" data-element_type=\"widget\" data-e-type=\"widget\" data-widget_type=\"heading.default\">\n\t\t\t\t<div class=\"elementor-widget-container\">\n\t\t\t\t\t<h2 class=\"elementor-heading-title elementor-size-default\">Infraestrutura eficiente e resiliente \npara novos DESAFIOS<\/h2>\t\t\t\t<\/div>\n\t\t\t\t<\/div>\n\t\t\t\t<div class=\"elementor-element elementor-element-bc3fc21 elementor-widget elementor-widget-text-editor\" data-id=\"bc3fc21\" data-element_type=\"widget\" data-e-type=\"widget\" data-widget_type=\"text-editor.default\">\n\t\t\t\t<div class=\"elementor-widget-container\">\n\t\t\t\t\t\t\t\t\t<p>Empresa jovem, equipe t\u00e9cnica altamente qualificada e as melhores solu\u00e7\u00f5es em infraestrutura local e nuvem para o seu neg\u00f3cio.<\/p><p>Sustenta\u00e7\u00e3o para o seu neg\u00f3cio, com apoio remoto ou presencial.<\/p>\t\t\t\t\t\t\t\t<\/div>\n\t\t\t\t<\/div>\n\t\t\t\t<\/div>\n\t\t<div class=\"elementor-element elementor-element-9704085 e-con-full e-flex e-con e-child\" data-id=\"9704085\" data-element_type=\"container\" data-e-type=\"container\" data-settings=\"{&quot;background_background&quot;:&quot;classic&quot;}\">\n\t\t\t\t<div class=\"elementor-element elementor-element-e31d1f4 elementor-widget elementor-widget-image\" data-id=\"e31d1f4\" data-element_type=\"widget\" data-e-type=\"widget\" data-widget_type=\"image.default\">\n\t\t\t\t<div class=\"elementor-widget-container\">\n\t\t\t\t\t\t\t\t\t\t\t\t\t\t\t<img loading=\"lazy\" decoding=\"async\" width=\"800\" height=\"800\" src=\"https:\/\/web.gsasites.com.br\/opendesk\/wp-content\/uploads\/2025\/02\/nosch-colorido.jpeg\" class=\"attachment-large size-large wp-image-285\" alt=\"\" srcset=\"https:\/\/web.gsasites.com.br\/opendesk\/wp-content\/uploads\/2025\/02\/nosch-colorido.jpeg 1000w, https:\/\/web.gsasites.com.br\/opendesk\/wp-content\/uploads\/2025\/02\/nosch-colorido-300x300.jpeg 300w, https:\/\/web.gsasites.com.br\/opendesk\/wp-content\/uploads\/2025\/02\/nosch-colorido-150x150.jpeg 150w, https:\/\/web.gsasites.com.br\/opendesk\/wp-content\/uploads\/2025\/02\/nosch-colorido-768x768.jpeg 768w\" sizes=\"(max-width: 800px) 100vw, 800px\" \/>\t\t\t\t\t\t\t\t\t\t\t\t\t\t\t<\/div>\n\t\t\t\t<\/div>\n\t\t\t\t<\/div>\n\t\t\t\t<\/div>\n\t\t<div class=\"elementor-element elementor-element-cefc8a0 e-con-full e-flex e-con e-child\" data-id=\"cefc8a0\" data-element_type=\"container\" data-e-type=\"container\">\n\t\t<div class=\"elementor-element elementor-element-7c99004 e-con-full e-flex e-con e-child\" data-id=\"7c99004\" data-element_type=\"container\" data-e-type=\"container\" data-settings=\"{&quot;background_background&quot;:&quot;classic&quot;}\">\n\t\t<div class=\"elementor-element elementor-element-f4ae082 e-con-full e-flex e-con e-child\" data-id=\"f4ae082\" data-element_type=\"container\" data-e-type=\"container\">\n\t\t\t\t<div class=\"elementor-element elementor-element-39b72f6 elementor-widget elementor-widget-heading\" data-id=\"39b72f6\" data-element_type=\"widget\" data-e-type=\"widget\" data-widget_type=\"heading.default\">\n\t\t\t\t<div class=\"elementor-widget-container\">\n\t\t\t\t\t<div class=\"elementor-heading-title elementor-size-default\">01<\/div>\t\t\t\t<\/div>\n\t\t\t\t<\/div>\n\t\t\t\t<div class=\"elementor-element elementor-element-d9e5f37 elementor-widget elementor-widget-heading\" data-id=\"d9e5f37\" data-element_type=\"widget\" data-e-type=\"widget\" data-widget_type=\"heading.default\">\n\t\t\t\t<div class=\"elementor-widget-container\">\n\t\t\t\t\t<div class=\"elementor-heading-title elementor-size-default\">Servi\u00e7os Gerenciados<\/div>\t\t\t\t<\/div>\n\t\t\t\t<\/div>\n\t\t\t\t<\/div>\n\t\t\t\t<\/div>\n\t\t<div class=\"elementor-element elementor-element-cd7e3eb e-con-full e-flex e-con e-child\" data-id=\"cd7e3eb\" data-element_type=\"container\" data-e-type=\"container\" data-settings=\"{&quot;background_background&quot;:&quot;classic&quot;}\">\n\t\t<div class=\"elementor-element elementor-element-eaf6d4c e-con-full e-flex e-con e-child\" data-id=\"eaf6d4c\" data-element_type=\"container\" data-e-type=\"container\">\n\t\t\t\t<div class=\"elementor-element elementor-element-e839c59 elementor-widget elementor-widget-heading\" data-id=\"e839c59\" data-element_type=\"widget\" data-e-type=\"widget\" data-widget_type=\"heading.default\">\n\t\t\t\t<div class=\"elementor-widget-container\">\n\t\t\t\t\t<div class=\"elementor-heading-title elementor-size-default\">02<\/div>\t\t\t\t<\/div>\n\t\t\t\t<\/div>\n\t\t\t\t<div class=\"elementor-element elementor-element-1068842 elementor-widget elementor-widget-heading\" data-id=\"1068842\" data-element_type=\"widget\" data-e-type=\"widget\" data-widget_type=\"heading.default\">\n\t\t\t\t<div class=\"elementor-widget-container\">\n\t\t\t\t\t<div class=\"elementor-heading-title elementor-size-default\">Avalia\u00e7\u00e3o de risco<\/div>\t\t\t\t<\/div>\n\t\t\t\t<\/div>\n\t\t\t\t<\/div>\n\t\t\t\t<\/div>\n\t\t<div class=\"elementor-element elementor-element-608e8d4 e-con-full e-flex e-con e-child\" data-id=\"608e8d4\" data-element_type=\"container\" data-e-type=\"container\" data-settings=\"{&quot;background_background&quot;:&quot;classic&quot;}\">\n\t\t<div class=\"elementor-element elementor-element-e4763d1 e-con-full e-flex e-con e-child\" data-id=\"e4763d1\" data-element_type=\"container\" data-e-type=\"container\">\n\t\t\t\t<div class=\"elementor-element elementor-element-e5614ac elementor-widget elementor-widget-heading\" data-id=\"e5614ac\" data-element_type=\"widget\" data-e-type=\"widget\" data-widget_type=\"heading.default\">\n\t\t\t\t<div class=\"elementor-widget-container\">\n\t\t\t\t\t<div class=\"elementor-heading-title elementor-size-default\">03<\/div>\t\t\t\t<\/div>\n\t\t\t\t<\/div>\n\t\t\t\t<div class=\"elementor-element elementor-element-5ae6f4b elementor-widget elementor-widget-heading\" data-id=\"5ae6f4b\" data-element_type=\"widget\" data-e-type=\"widget\" data-widget_type=\"heading.default\">\n\t\t\t\t<div class=\"elementor-widget-container\">\n\t\t\t\t\t<div class=\"elementor-heading-title elementor-size-default\">Transformacao Digital<\/div>\t\t\t\t<\/div>\n\t\t\t\t<\/div>\n\t\t\t\t<\/div>\n\t\t\t\t<\/div>\n\t\t<div class=\"elementor-element elementor-element-fa8546a e-con-full e-flex e-con e-child\" data-id=\"fa8546a\" data-element_type=\"container\" data-e-type=\"container\" data-settings=\"{&quot;background_background&quot;:&quot;classic&quot;}\">\n\t\t<div class=\"elementor-element elementor-element-5d2fe63 e-con-full e-flex e-con e-child\" data-id=\"5d2fe63\" data-element_type=\"container\" data-e-type=\"container\">\n\t\t\t\t<div class=\"elementor-element elementor-element-c2198ec elementor-widget elementor-widget-heading\" data-id=\"c2198ec\" data-element_type=\"widget\" data-e-type=\"widget\" data-widget_type=\"heading.default\">\n\t\t\t\t<div class=\"elementor-widget-container\">\n\t\t\t\t\t<div class=\"elementor-heading-title elementor-size-default\">04<\/div>\t\t\t\t<\/div>\n\t\t\t\t<\/div>\n\t\t\t\t<div class=\"elementor-element elementor-element-52679d9 elementor-widget elementor-widget-heading\" data-id=\"52679d9\" data-element_type=\"widget\" data-e-type=\"widget\" data-widget_type=\"heading.default\">\n\t\t\t\t<div class=\"elementor-widget-container\">\n\t\t\t\t\t<div class=\"elementor-heading-title elementor-size-default\">Escrit\u00f3rio Anyware<\/div>\t\t\t\t<\/div>\n\t\t\t\t<\/div>\n\t\t\t\t<\/div>\n\t\t\t\t<\/div>\n\t\t<div class=\"elementor-element elementor-element-9510aba e-con-full e-flex e-con e-child\" data-id=\"9510aba\" data-element_type=\"container\" data-e-type=\"container\" data-settings=\"{&quot;background_background&quot;:&quot;classic&quot;}\">\n\t\t<div class=\"elementor-element elementor-element-89d8821 e-con-full e-flex e-con e-child\" data-id=\"89d8821\" data-element_type=\"container\" data-e-type=\"container\">\n\t\t\t\t<div class=\"elementor-element elementor-element-e848f7e elementor-widget elementor-widget-heading\" data-id=\"e848f7e\" data-element_type=\"widget\" data-e-type=\"widget\" data-widget_type=\"heading.default\">\n\t\t\t\t<div class=\"elementor-widget-container\">\n\t\t\t\t\t<div class=\"elementor-heading-title elementor-size-default\">05<\/div>\t\t\t\t<\/div>\n\t\t\t\t<\/div>\n\t\t\t\t<div class=\"elementor-element elementor-element-cb3d915 elementor-widget elementor-widget-heading\" data-id=\"cb3d915\" data-element_type=\"widget\" data-e-type=\"widget\" data-widget_type=\"heading.default\">\n\t\t\t\t<div class=\"elementor-widget-container\">\n\t\t\t\t\t<div class=\"elementor-heading-title elementor-size-default\">IT Asset Management<\/div>\t\t\t\t<\/div>\n\t\t\t\t<\/div>\n\t\t\t\t<\/div>\n\t\t\t\t<\/div>\n\t\t\t\t<\/div>\n\t\t\t\t<\/div>\n\t\t\t\t\t<\/div>\n\t\t\t\t<\/div>\n\t\t\t\t<\/div>\n\t\t","protected":false},"excerpt":{"rendered":"<p>Temos Solu\u00e7\u00f5es customizadas na Medida Certa Mais seguran\u00e7a e efici\u00eancia para o seu neg\u00f3cio Entre em contato Projetos Customizados Estamos preparados para ser seu parceiro em outsourcing, podendo atuar em todas as etapas dos projetos, desde o levantamento de requisitos com usu\u00e1rios, at\u00e9 a implanta\u00e7\u00e3o e manuten\u00e7\u00e3o das solu\u00e7\u00f5es. Outsorcing de Profissionais Drible o d\u00e9ficit [&hellip;]<\/p>\n","protected":false},"author":2,"featured_media":0,"parent":0,"menu_order":0,"comment_status":"closed","ping_status":"closed","template":"","meta":{"footnotes":""},"class_list":["post-47","page","type-page","status-publish","hentry"],"_links":{"self":[{"href":"https:\/\/web.gsasites.com.br\/opendesk\/wp-json\/wp\/v2\/pages\/47","targetHints":{"allow":["GET"]}}],"collection":[{"href":"https:\/\/web.gsasites.com.br\/opendesk\/wp-json\/wp\/v2\/pages"}],"about":[{"href":"https:\/\/web.gsasites.com.br\/opendesk\/wp-json\/wp\/v2\/types\/page"}],"author":[{"embeddable":true,"href":"https:\/\/web.gsasites.com.br\/opendesk\/wp-json\/wp\/v2\/users\/2"}],"replies":[{"embeddable":true,"href":"https:\/\/web.gsasites.com.br\/opendesk\/wp-json\/wp\/v2\/comments?post=47"}],"version-history":[{"count":193,"href":"https:\/\/web.gsasites.com.br\/opendesk\/wp-json\/wp\/v2\/pages\/47\/revisions"}],"predecessor-version":[{"id":763,"href":"https:\/\/web.gsasites.com.br\/opendesk\/wp-json\/wp\/v2\/pages\/47\/revisions\/763"}],"wp:attachment":[{"href":"https:\/\/web.gsasites.com.br\/opendesk\/wp-json\/wp\/v2\/media?parent=47"}],"curies":[{"name":"wp","href":"https:\/\/api.w.org\/{rel}","templated":true}]}}