{"id":93,"date":"2025-02-21T07:39:57","date_gmt":"2025-02-21T10:39:57","guid":{"rendered":"https:\/\/web.gsasites.com.br\/opendesk\/?page_id=93"},"modified":"2025-03-01T13:03:31","modified_gmt":"2025-03-01T16:03:31","slug":"blog","status":"publish","type":"page","link":"https:\/\/web.gsasites.com.br\/opendesk\/blog\/","title":{"rendered":"Blog"},"content":{"rendered":"\t\t<div data-elementor-type=\"wp-page\" data-elementor-id=\"93\" class=\"elementor elementor-93\" data-elementor-post-type=\"page\">\n\t\t\t\t<div class=\"elementor-element elementor-element-8e2949d e-flex e-con-boxed e-con e-parent\" data-id=\"8e2949d\" data-element_type=\"container\" data-e-type=\"container\" data-settings=\"{&quot;background_background&quot;:&quot;gradient&quot;}\">\n\t\t\t\t\t<div class=\"e-con-inner\">\n\t\t<div class=\"elementor-element elementor-element-8cbd932 e-con-full e-flex e-con e-child\" data-id=\"8cbd932\" data-element_type=\"container\" data-e-type=\"container\">\n\t\t\t\t<div class=\"elementor-element elementor-element-6df180d elementor-position-left elementor-widget-mobile__width-inherit elementor-vertical-align-top elementor-widget elementor-widget-image-box\" data-id=\"6df180d\" data-element_type=\"widget\" data-e-type=\"widget\" data-widget_type=\"image-box.default\">\n\t\t\t\t<div class=\"elementor-widget-container\">\n\t\t\t\t\t<div class=\"elementor-image-box-wrapper\"><figure class=\"elementor-image-box-img\"><img fetchpriority=\"high\" decoding=\"async\" width=\"462\" height=\"196\" src=\"https:\/\/web.gsasites.com.br\/opendesk\/wp-content\/uploads\/2025\/02\/Asset-08.png\" class=\"attachment-full size-full wp-image-73\" alt=\"\" srcset=\"https:\/\/web.gsasites.com.br\/opendesk\/wp-content\/uploads\/2025\/02\/Asset-08.png 462w, https:\/\/web.gsasites.com.br\/opendesk\/wp-content\/uploads\/2025\/02\/Asset-08-300x127.png 300w\" sizes=\"(max-width: 462px) 100vw, 462px\" \/><\/figure><div class=\"elementor-image-box-content\"><h3 class=\"elementor-image-box-title\">Blog<\/h3><\/div><\/div>\t\t\t\t<\/div>\n\t\t\t\t<\/div>\n\t\t\t\t<div class=\"elementor-element elementor-element-a2c52e8 elementor-widget elementor-widget-heading\" data-id=\"a2c52e8\" data-element_type=\"widget\" data-e-type=\"widget\" data-widget_type=\"heading.default\">\n\t\t\t\t<div class=\"elementor-widget-container\">\n\t\t\t\t\t<h2 class=\"elementor-heading-title elementor-size-default\">\u00daltimas Not\u00edcias<\/h2>\t\t\t\t<\/div>\n\t\t\t\t<\/div>\n\t\t\t\t<div class=\"elementor-element elementor-element-f068c07 elementor-widget elementor-widget-text-editor\" data-id=\"f068c07\" data-element_type=\"widget\" data-e-type=\"widget\" data-widget_type=\"text-editor.default\">\n\t\t\t\t<div class=\"elementor-widget-container\">\n\t\t\t\t\t\t\t\t\t<p>Opendesk Tecnologia traz as \u00faltimas not\u00edcias!<\/p>\t\t\t\t\t\t\t\t<\/div>\n\t\t\t\t<\/div>\n\t\t\t\t<\/div>\n\t\t\t\t\t<\/div>\n\t\t\t\t<\/div>\n\t\t<div class=\"elementor-element elementor-element-81319ae e-flex e-con-boxed elementor-invisible e-con e-parent\" data-id=\"81319ae\" data-element_type=\"container\" data-e-type=\"container\" data-settings=\"{&quot;animation&quot;:&quot;fadeIn&quot;}\">\n\t\t\t\t\t<div class=\"e-con-inner\">\n\t\t\t\t<div class=\"elementor-element elementor-element-e1ae507 elementor-posts--align-left elementor-grid-3 elementor-grid-tablet-2 elementor-grid-mobile-1 elementor-posts--thumbnail-top elementor-card-shadow-yes elementor-posts__hover-gradient elementor-widget elementor-widget-posts\" data-id=\"e1ae507\" data-element_type=\"widget\" data-e-type=\"widget\" data-settings=\"{&quot;cards_row_gap&quot;:{&quot;unit&quot;:&quot;px&quot;,&quot;size&quot;:32,&quot;sizes&quot;:[]},&quot;cards_columns&quot;:&quot;3&quot;,&quot;cards_columns_tablet&quot;:&quot;2&quot;,&quot;cards_columns_mobile&quot;:&quot;1&quot;,&quot;cards_row_gap_laptop&quot;:{&quot;unit&quot;:&quot;px&quot;,&quot;size&quot;:&quot;&quot;,&quot;sizes&quot;:[]},&quot;cards_row_gap_tablet&quot;:{&quot;unit&quot;:&quot;px&quot;,&quot;size&quot;:&quot;&quot;,&quot;sizes&quot;:[]},&quot;cards_row_gap_mobile&quot;:{&quot;unit&quot;:&quot;px&quot;,&quot;size&quot;:&quot;&quot;,&quot;sizes&quot;:[]}}\" data-widget_type=\"posts.cards\">\n\t\t\t\t<div class=\"elementor-widget-container\">\n\t\t\t\t\t\t\t<div class=\"elementor-posts-container elementor-posts elementor-posts--skin-cards elementor-grid\">\n\t\t\t\t<article class=\"elementor-post elementor-grid-item post-672 post type-post status-publish format-standard has-post-thumbnail hentry category-tech tag-windows-server\">\n\t\t\t<div class=\"elementor-post__card\">\n\t\t\t\t<a class=\"elementor-post__thumbnail__link\" href=\"https:\/\/web.gsasites.com.br\/opendesk\/2025\/03\/01\/mudanca-de-fuso-horario-do-windows-server-2022-greyed-out\/\" tabindex=\"-1\" ><div class=\"elementor-post__thumbnail\"><img decoding=\"async\" width=\"954\" height=\"554\" src=\"https:\/\/web.gsasites.com.br\/opendesk\/wp-content\/uploads\/2025\/03\/4.png\" class=\"attachment-full size-full wp-image-670\" alt=\"\" srcset=\"https:\/\/web.gsasites.com.br\/opendesk\/wp-content\/uploads\/2025\/03\/4.png 954w, https:\/\/web.gsasites.com.br\/opendesk\/wp-content\/uploads\/2025\/03\/4-300x174.png 300w, https:\/\/web.gsasites.com.br\/opendesk\/wp-content\/uploads\/2025\/03\/4-768x446.png 768w\" sizes=\"(max-width: 954px) 100vw, 954px\" \/><\/div><\/a>\n\t\t\t\t<div class=\"elementor-post__badge\">Tech<\/div>\n\t\t\t\t<div class=\"elementor-post__text\">\n\t\t\t\t<h3 class=\"elementor-post__title\">\n\t\t\t<a href=\"https:\/\/web.gsasites.com.br\/opendesk\/2025\/03\/01\/mudanca-de-fuso-horario-do-windows-server-2022-greyed-out\/\" >\n\t\t\t\tMudan\u00e7a de fuso hor\u00e1rio do Windows Server 2022 \u201cGreyed Out\u2019\t\t\t<\/a>\n\t\t<\/h3>\n\t\t\t\t\t<div class=\"elementor-post__read-more-wrapper\">\n\t\t\n\t\t<a class=\"elementor-post__read-more\" href=\"https:\/\/web.gsasites.com.br\/opendesk\/2025\/03\/01\/mudanca-de-fuso-horario-do-windows-server-2022-greyed-out\/\" aria-label=\"Read more about Mudan\u00e7a de fuso hor\u00e1rio do Windows Server 2022 \u201cGreyed Out\u2019\" tabindex=\"-1\" >\n\t\t\tLeia Mais \u00bb\t\t<\/a>\n\n\t\t\t\t\t<\/div>\n\t\t\t\t<\/div>\n\t\t\t\t<div class=\"elementor-post__meta-data\">\n\t\t\t\t\t<span class=\"elementor-post-date\">\n\t\t\t1 de March de 2025\t\t<\/span>\n\t\t\t\t<\/div>\n\t\t\t\t\t<\/div>\n\t\t<\/article>\n\t\t\t\t<article class=\"elementor-post elementor-grid-item post-668 post type-post status-publish format-standard has-post-thumbnail hentry category-tech tag-eop tag-o365\">\n\t\t\t<div class=\"elementor-post__card\">\n\t\t\t\t<a class=\"elementor-post__thumbnail__link\" href=\"https:\/\/web.gsasites.com.br\/opendesk\/2025\/03\/01\/exchange-online-protection-eop\/\" tabindex=\"-1\" ><div class=\"elementor-post__thumbnail\"><img decoding=\"async\" width=\"600\" height=\"400\" src=\"https:\/\/web.gsasites.com.br\/opendesk\/wp-content\/uploads\/2025\/03\/exchange-online-protection-thumbnail.png\" class=\"attachment-full size-full wp-image-671\" alt=\"\" srcset=\"https:\/\/web.gsasites.com.br\/opendesk\/wp-content\/uploads\/2025\/03\/exchange-online-protection-thumbnail.png 600w, https:\/\/web.gsasites.com.br\/opendesk\/wp-content\/uploads\/2025\/03\/exchange-online-protection-thumbnail-300x200.png 300w\" sizes=\"(max-width: 600px) 100vw, 600px\" \/><\/div><\/a>\n\t\t\t\t<div class=\"elementor-post__badge\">Tech<\/div>\n\t\t\t\t<div class=\"elementor-post__text\">\n\t\t\t\t<h3 class=\"elementor-post__title\">\n\t\t\t<a href=\"https:\/\/web.gsasites.com.br\/opendesk\/2025\/03\/01\/exchange-online-protection-eop\/\" >\n\t\t\t\tExchange Online Protection (EOP)\t\t\t<\/a>\n\t\t<\/h3>\n\t\t\t\t\t<div class=\"elementor-post__read-more-wrapper\">\n\t\t\n\t\t<a class=\"elementor-post__read-more\" href=\"https:\/\/web.gsasites.com.br\/opendesk\/2025\/03\/01\/exchange-online-protection-eop\/\" aria-label=\"Read more about Exchange Online Protection (EOP)\" tabindex=\"-1\" >\n\t\t\tLeia Mais \u00bb\t\t<\/a>\n\n\t\t\t\t\t<\/div>\n\t\t\t\t<\/div>\n\t\t\t\t<div class=\"elementor-post__meta-data\">\n\t\t\t\t\t<span class=\"elementor-post-date\">\n\t\t\t1 de March de 2025\t\t<\/span>\n\t\t\t\t<\/div>\n\t\t\t\t\t<\/div>\n\t\t<\/article>\n\t\t\t\t<\/div>\n\t\t\n\t\t\t\t\t\t<\/div>\n\t\t\t\t<\/div>\n\t\t\t\t\t<\/div>\n\t\t\t\t<\/div>\n\t\t\t\t<\/div>\n\t\t","protected":false},"excerpt":{"rendered":"<p>Blog \u00daltimas Not\u00edcias Opendesk Tecnologia traz as \u00faltimas not\u00edcias!<\/p>\n","protected":false},"author":2,"featured_media":0,"parent":0,"menu_order":0,"comment_status":"closed","ping_status":"closed","template":"","meta":{"footnotes":""},"class_list":["post-93","page","type-page","status-publish","hentry"],"_links":{"self":[{"href":"https:\/\/web.gsasites.com.br\/opendesk\/wp-json\/wp\/v2\/pages\/93","targetHints":{"allow":["GET"]}}],"collection":[{"href":"https:\/\/web.gsasites.com.br\/opendesk\/wp-json\/wp\/v2\/pages"}],"about":[{"href":"https:\/\/web.gsasites.com.br\/opendesk\/wp-json\/wp\/v2\/types\/page"}],"author":[{"embeddable":true,"href":"https:\/\/web.gsasites.com.br\/opendesk\/wp-json\/wp\/v2\/users\/2"}],"replies":[{"embeddable":true,"href":"https:\/\/web.gsasites.com.br\/opendesk\/wp-json\/wp\/v2\/comments?post=93"}],"version-history":[{"count":19,"href":"https:\/\/web.gsasites.com.br\/opendesk\/wp-json\/wp\/v2\/pages\/93\/revisions"}],"predecessor-version":[{"id":718,"href":"https:\/\/web.gsasites.com.br\/opendesk\/wp-json\/wp\/v2\/pages\/93\/revisions\/718"}],"wp:attachment":[{"href":"https:\/\/web.gsasites.com.br\/opendesk\/wp-json\/wp\/v2\/media?parent=93"}],"curies":[{"name":"wp","href":"https:\/\/api.w.org\/{rel}","templated":true}]}}